{"id":103176,"date":"2022-04-18T11:37:59","date_gmt":"2022-04-18T11:37:59","guid":{"rendered":"http:\/\/webjt-pre.azurewebsites.net\/?page_id=103176"},"modified":"2022-04-18T11:38:39","modified_gmt":"2022-04-18T11:38:39","slug":"conditions-of-use","status":"publish","type":"page","link":"https:\/\/www.juegaterapia.org\/en\/condiciones-de-uso\/","title":{"rendered":"Conditions of Use"},"content":{"rendered":"<div class=\"block-legal-section\">\n    <section class=\"habitant-information\">\n    <div class=\"container\">\n <h1 class=\"title title_fz70\">Conditions of Use<\/h1>\n<p>In compliance with Law 34\/2002, of 11 July, on Information Society Services and Electronic Commerce (LSSI-CE), FUNDACION JUEGATERAPIA informs that it is the owner of the website www.juegaterapia.org. In accordance with the requirements of Article 10 of the aforementioned Law, FUNDACION JUEGATERAPIA informs of the following data:<\/p>\n<p>The owner of this website is FUNDACI\u00d3N JUEGATERAPIA, with Tax Identification Number G86557097 and registered office at N\u00fa\u00f1ez de Balboa 56 Bajo A 28001, MADRID, registered in the Registry of Foundations of the Ministry of Health, Social Security and Equality 28-1699. The e-mail address for contacting the company is: hola@juegaterapia.org.<\/p>\n<p><strong>User and liability regime<\/strong><\/p>\n<p>Navigation, access and use of the website of FUNDACI\u00d3N JUEGATERAPIA confers the condition of user, by which they accept, from browsing the website of FUNDACI\u00d3N JUEGATERAPIA, all the conditions of use established here without prejudice to the application of the corresponding regulations of compulsory legal compliance as appropriate.<\/p>\n<p>The FUNDACI\u00d3N JUEGATERAPIA website provides a wide range of information, services and data. The user assumes responsibility for the correct use of the website. This responsibility shall extend to:<\/p>\n<p>The veracity and legality of the information provided by the user in the forms provided by FUNDACI\u00d3N JUEGATERAPIA for access to certain content or services offered by the website.<\/p>\n<p>The use of the information, services and data offered by FUNDACI\u00d3N JUEGATERAPIA contrary to the provisions of these conditions, the law, morality, good customs or public order, or that in any other way may involve injury to the rights of third parties or the same operation of the website.<\/p>\n<p><strong>Linking policy and disclaimers<\/strong><\/p>\n<p>FUNDACI\u00d3N JUEGATERAPIA is not responsible for the content of the websites that the user can access through the links established on its website and declares that under no circumstances will it examine or exercise any type of control over the content of other websites. Likewise, it does not guarantee the technical availability, accuracy, veracity, validity or legality of sites outside its property that can be accessed through the links.<\/p>\n<p>FUNDACI\u00d3N JUEGATERAPIA declares that it has adopted all necessary measures to avoid any damage to users of its website, which may arise from browsing its website. Consequently, FUNDACI\u00d3N JUEGATERAPIA is not responsible, in any case, for any damages that the user may suffer from Internet browsing.<\/p>\n<p><strong>Modifications<\/strong><\/p>\n<p>FUNDACI\u00d3N JUEGATERAPIA reserves the right to make any changes it deems appropriate, without prior notice, in the content of its website. Both with regard to the contents of the website, as in the conditions of use of the same, or in the general conditions of contract. Said modifications may be made through its website by any legally admissible means and shall be binding for as long as they are published on the website and until they are validly modified by subsequent modifications.<\/p>\n<p><strong>Online donation services<\/strong><\/p>\n<p>Certain contents of the FUNDACI\u00d3N JUEGATERAPIA website contain the possibility of making online donations. The use of the same will require the mandatory reading and acceptance of the general conditions established for this purpose by FUNDACI\u00d3N JUEGATERAPIA.<\/p>\n<p><strong>SSL (Secure Sockets Layer) Certificate<\/strong><\/p>\n<p>The SSL CERTIFICATE provides authentication, privacy and security of information between FUNDACION JUEGATERAPIA and the user.<\/p>\n<p>FUNDACI\u00d3N JUEGATERAPIA has a security certificate that is used by SSL CERTIFICATE for secure connections.<\/p>\n<p>In this process, several parameters are set to make the connection secure and it is established using pre-established keys, encrypting and decrypting all data sent until the connection is closed.<\/p>\n<p><strong>Intellectual and industrial property<\/strong><\/p>\n<p>FUNDACI\u00d3N JUEGATERAPIA itself or as an assignee, owns all intellectual and industrial property rights of its website, as well as the elements contained therein (including, but not limited to, images, sound, audio, video, software or texts; trademarks or logos, colour combinations, structure and design, selection of materials used, computer programs necessary for its operation, access and use, etc.), owned by FUNDACI\u00d3N JUEGATERAPIA. They are, therefore, works protected as intellectual property by the Spanish legal system, being applicable both Spanish and Community regulations in this field, as well as international treaties relating to the matter and signed by Spain.<\/p>\n<p>All rights reserved. Pursuant to the provisions of the Intellectual Property Law, the reproduction, distribution and public communication, including making available, of all or part of the contents of this website, for commercial purposes, in any medium and by any technical means, without the authorisation of FUNDACI\u00d3N JUEGATERAPIA, are expressly prohibited without the authorisation of FUNDACI\u00d3N JUEGATERAPIA.<\/p>\n<p>The user undertakes to respect the rights of intellectual and industrial property owned by FUNDACI\u00d3N JUEGATERAPIA. You can view the elements of the portal and even print, copy and store them on the hard drive of your computer or any other hardware provided it is solely and exclusively for your personal and private use. The user must refrain from deleting, altering, evading or manipulating any protection device or security system that was installed on the pages of FUNDACI\u00d3N JUEGATERAPIA.<\/p>\n<p><strong>Legal action, applicable law and jurisdiction<\/strong><\/p>\n<p>FUNDACI\u00d3N JUEGATERAPIA also reserves the right to file civil or criminal actions it deems appropriate for the improper use of its website and content, or for breach of these conditions.<\/p>\n<p>The relationship between the user and the provider shall be governed by the regulations in force and applicable in Spanish territory. If any dispute arises, the parties may submit their disputes to arbitration or go to the ordinary jurisdiction in compliance with the rules on jurisdiction and competence in this regard. FUNDACI\u00d3N JUEGATERAPIA is domiciled in MADRID, Spain.<\/p>\n<\/div>    \n<\/section>\n        <\/div>\n\n\n\n<p><\/p>","protected":false},"excerpt":{"rendered":"","protected":false},"author":67,"featured_media":0,"parent":0,"menu_order":0,"comment_status":"closed","ping_status":"closed","template":"","meta":{"_acf_changed":false,"inline_featured_image":false,"_themeisle_gutenberg_block_has_review":false,"footnotes":""},"class_list":["post-103176","page","type-page","status-publish","hentry"],"acf":[],"aioseo_notices":[],"_links":{"self":[{"href":"https:\/\/www.juegaterapia.org\/en\/wp-json\/wp\/v2\/pages\/103176","targetHints":{"allow":["GET"]}}],"collection":[{"href":"https:\/\/www.juegaterapia.org\/en\/wp-json\/wp\/v2\/pages"}],"about":[{"href":"https:\/\/www.juegaterapia.org\/en\/wp-json\/wp\/v2\/types\/page"}],"author":[{"embeddable":true,"href":"https:\/\/www.juegaterapia.org\/en\/wp-json\/wp\/v2\/users\/67"}],"replies":[{"embeddable":true,"href":"https:\/\/www.juegaterapia.org\/en\/wp-json\/wp\/v2\/comments?post=103176"}],"version-history":[{"count":3,"href":"https:\/\/www.juegaterapia.org\/en\/wp-json\/wp\/v2\/pages\/103176\/revisions"}],"predecessor-version":[{"id":103180,"href":"https:\/\/www.juegaterapia.org\/en\/wp-json\/wp\/v2\/pages\/103176\/revisions\/103180"}],"wp:attachment":[{"href":"https:\/\/www.juegaterapia.org\/en\/wp-json\/wp\/v2\/media?parent=103176"}],"curies":[{"name":"wp","href":"https:\/\/api.w.org\/{rel}","templated":true}]}}