{"id":147440,"date":"2023-06-20T17:43:02","date_gmt":"2023-06-20T15:43:02","guid":{"rendered":"https:\/\/www.juegaterapia.org\/?page_id=147440"},"modified":"2025-06-04T13:16:17","modified_gmt":"2025-06-04T11:16:17","slug":"solidarity-seeds","status":"publish","type":"page","link":"https:\/\/www.juegaterapia.org\/en\/colabora\/semillas-solidarias\/","title":{"rendered":"Seeds of Solidarity"},"content":{"rendered":"<div class=\"we-do\">\r\n        <section class=\"hero new-bg\">\r\n         \r\n                <picture>\r\n                     \r\n                        <source\r\n            srcset=\"https:\/\/www.juegaterapia.org\/wp-content\/uploads\/2023\/07\/Semillas-Magicas-Movil-Juegtaerapia-.png\"\r\n            media=\"(max-width: 850px)\"\r\n          \/>\r\n                                  \r\n          <img decoding=\"async\" src=\"https:\/\/www.juegaterapia.org\/wp-content\/uploads\/2023\/07\/Semillas-Magicas-Escritorio-Juegaterapia.png\" \/>\r\n        <\/picture>\r\n                    \r\n        <div class=\"container\">\r\n                <div class=\"hero__padding\">\r\n                    <p>collaborate<\/p>\r\n                    <h1 style=\"max-width: 442px;\">\r\n                        magic seeds                    <\/h1>\r\n                <\/div>\r\n            <\/div>\r\n            <div style=\"position: relative; z-index: 3; background-color: \" class=\"bottom-wave\"><svg xmlns=\"http:\/\/www.w3.org\/2000\/svg\" viewbox=\"0 0 1440 157\" fill=\"none\">\n<path d=\"M0 116.745V156.741H1440V0.332031C1330.12 116.765 1067.88 142.809 810.756 126.467C739.878 121.963 657.005 112.482 572.829 102.851C431.667 86.701 286.84 70.1309 188.773 75.9111C75.395 82.5939 42.4099 97.6127 13.6187 110.721C9.07446 112.789 4.63477 114.811 0 116.745Z\" fill=\"#f9f5ef\"\/>\n<\/svg><\/div>        <\/section>\r\n    <\/div>\r\n    \n\n    <div class=\"Jardin\">\r\n        <section class=\"description\">\r\n                        <div class=\"container\">\r\n                <img https:>\r\n                <div class=\"description__grid\">\r\n                    <div class=\"description__column-1\">\r\n                        <p class=\"text text_fz20\">\r\n                            Plant your seed in El Jard\u00edn De Mi Hospi.\r\nIf you like plants and solidarity, this is the place for you.\r\nToday you can help us to build outdoor gardens on the roofs of hospitals so that the children undergoing treatment won't stop laughing and playing.                        <\/p>\r\n                    <\/div>\r\n                    <div class=\"description__column-2\">\r\n                        <div class=\"how-can__info\">\r\n                                                            <a class=\"how-can__info_p\" href=\"https:\/\/www.juegaterapia.org\/tienda-solidaria-regalos\/\" target=\"_self\"><span class=\"how-can__info_span\">Buy your seeds here!<\/span><\/a>\r\n                                                       \r\n                        <\/div>\r\n                    <\/div>\r\n                    <div class=\"description__column-3\">\r\n                        <img decoding=\"async\" src=\"https:\/\/www.juegaterapia.org\/wp-content\/uploads\/2023\/07\/Semillas-magicas-Jardines-Juegaterapia.png\"\r\n                             alt=\"\" class=\"description__column-3_img desc\">\r\n                        <img decoding=\"async\" src=\"https:\/\/www.juegaterapia.org\/wp-content\/uploads\/2023\/07\/Semillas-magicas-Jardines-Juegaterapia.png\"\r\n                             alt=\"\" class=\"description__column-3_img mob\">\r\n                    <\/div>\r\n                    <div class=\"description__column-4\">\r\n                        <img decoding=\"async\" src=\"https:\/\/www.juegaterapia.org\/wp-content\/uploads\/2023\/07\/Logo-Semoillas-Magicas.png\" alt=\"\" class=\"description_img                        desc\">\r\n                                                    <p class=\"text text_fz20 desc\" style=\"margin-bottom: 20px;\">\r\n                                Compr\u00e1ndolas nos ayudar\u00e1s a que los ni\u00f1os nunca dejen de ser ni\u00f1os, aunque est\u00e9n ingresados en el hospital.\r\nYa hemos construido 6 Jardines: en el Hospital La Paz, Hospital 12 de Octubre, Gregorio Mara\u00f1\u00f3n y Hospital Ni\u00f1o Jes\u00fas de Madrid, en el Hospital La Fe de Valencia y el Hospital Materno Infantil de M\u00e1laga. \u00a1Y VAMOS A POR EL 7\u00ba!\r\n                            <\/p>\r\n\r\n                            <p class=\"text text_fz20 mob\">\r\n                                Compr\u00e1ndolas nos ayudar\u00e1s a que los ni\u00f1os nunca dejen de ser ni\u00f1os, aunque est\u00e9n ingresados en el hospital.\r\nYa hemos construido 6 Jardines: en el Hospital La Paz, Hospital 12 de Octubre, Gregorio Mara\u00f1\u00f3n y Hospital Ni\u00f1o Jes\u00fas de Madrid, en el Hospital La Fe de Valencia y el Hospital Materno Infantil de M\u00e1laga. \u00a1Y VAMOS A POR EL 7\u00ba!\r\n                            <\/p>\r\n                                                <\/div>\r\n                <\/div>\r\n            <\/div>\r\n                    <\/section>\r\n    <\/div>\r\n    \n\n    <div class=\"we-do\">\r\n        <section class=\"playing\">\r\n            <div style=\"position: relative; z-index: 3; background-color: \" class=\"top-wave\"><svg xmlns=\"http:\/\/www.w3.org\/2000\/svg\" viewbox=\"0 0 1439 109\" fill=\"none\">\n<path d=\"M1439 20.0797V109H-1V29.5384C152.145 8.72522 267.727 29.172 381.176 49.2411C473.358 65.5482 564.13 81.6061 672.5 75.0778C739.651 71.0326 805.101 57.6009 875.303 43.194C1010.01 15.5499 1162.2 -15.6847 1377.5 8.90832C1399.36 11.4049 1420.06 15.3756 1439 20.0797Z\" fill=\"#a4a3ea\"\/>\n<\/svg><\/div>            <div class=\"playing__bg\" style=\"background-color: ;\">\r\n                <div class=\"playing__wrapper container\">\r\n                    <div class=\"playing__column\">\r\n                        <div class=\"playing__column_video\">\r\n                                                        <video loop=\"\" muted=\"\"\r\n                                   poster=\"https:\/\/www.juegaterapia.org\/wp-content\/uploads\/2023\/07\/nina-corazon-solido.png\"\r\n                                   class=\"playing__bg-video\"\r\n                                   id=\"myVideo\"\r\n                                   onclick=\"myFunction()\">\r\n                                <source src=\"https:\/\/youtu.be\/fAG3NVmFXJo\"\r\n                                        type=\"video\/mp4\">\r\n                            <\/video>\r\n                            \r\n\r\n\r\n                        <\/div>\r\n                    <\/div>\r\n                    <div class=\"playing__column\">\r\n                                                <h2 class=\"title title_fz52\">\r\n                            Sofia tells you all about it in this beautiful video                        <\/h2>\r\n                        <p class=\"wrapper-text_descr\">\r\n                            The M\u00e1gicas Semillas envelopes are full of beautiful flowers and solidarity.\r\nWe have created a beautiful video to tell you all about the process.\r\nIn less than a minute, you will see how a dream comes true. \r\n\r\n                        <\/p>\r\n\r\n                                                       <a class=\"btn btn_white btn_white_playing\" href=\"https:\/\/youtu.be\/fAG3NVmFXJo\" target=\"_self\">watch video<\/a>\r\n                                            <\/div>\r\n                <\/div>\r\n            <\/div>\r\n                    <\/section>\r\n    <\/div>\r\n    \n\n\r\n<style>\r\n        .awards.block_cdba6eac60f1cc578decaf6d0192528b {\r\n            background-color: ;\r\n        }\r\n    <\/style>\r\n    <div class=\"awards block_cdba6eac60f1cc578decaf6d0192528b\">\r\n        <section class=\"present\" style=\"padding-top: 0;\">\r\n            <div style=\"position: relative; z-index: 3; background-color: #a4a3ea\" class=\"top-wave\"><svg xmlns=\"http:\/\/www.w3.org\/2000\/svg\" viewbox=\"0 0 1439 109\" fill=\"none\">\n<path d=\"M1439 20.0797V109H-1V29.5384C152.145 8.72522 267.727 29.172 381.176 49.2411C473.358 65.5482 564.13 81.6061 672.5 75.0778C739.651 71.0326 805.101 57.6009 875.303 43.194C1010.01 15.5499 1162.2 -15.6847 1377.5 8.90832C1399.36 11.4049 1420.06 15.3756 1439 20.0797Z\" fill=\"#f9f5ef\"\/>\n<\/svg><\/div>            <div class=\"container\">\r\n                <div class=\"present__wrapper\">\r\n                    <div class=\"present__column first\">\r\n                        <h3 class=\"title title_fz52\">\r\n                            Buy your solidarity seeds                         <\/h3>\r\n                        <p class=\"wrapper-text_descr\">\r\n                            You can plant them at home and watch them grow, and imagine how the joy of hospitalised children will grow when they can go out into the garden to play.\r\nWe offer you two types of flowers, Lavender and Pansies. And both are magical.\r\nBecause they will brighten up both the corners of your home and the lives of children with cancer.\r\nThank you for helping us and helping them!                        <\/p>\r\n                                                    <a class=\"btn btn_white btn_white_present\" href=\"https:\/\/www.juegaterapia.org\/tienda-solidaria-regalos\/\" target=\"_self\">Online Shop <\/a>\r\n                                            <\/div>\r\n                    <div class=\"present__column last\">\r\n                        <div class=\"present__carousel\">\r\n                                                            <div class=\"present__slide\">\r\n                                    <img decoding=\"async\" src=\"https:\/\/www.juegaterapia.org\/wp-content\/uploads\/2023\/07\/Semillas-magicas-producto-Juegaterapia.png\"\r\n                                         alt=\"\">\r\n                                <\/div>\r\n                                                        <\/div>\r\n                    <\/div>\r\n                <\/div>\r\n            <\/div>\r\n           \r\n        <\/section>\r\n        <div class=\"bottom-wave type-4\"><svg xmlns=\"http:\/\/www.w3.org\/2000\/svg\" viewbox=\"0 0 1440 89\" fill=\"none\">\n<path d=\"M1440 89H0V0C42.8925 9.83325 165.12 26.3999 310.892 14C389.027 7.35352 455.418 12.3831 526.061 17.7349C620.162 24.8635 721.808 32.5637 868.808 14C1074.69 -12 1337.78 14 1440 30V89Z\" fill=\"\"\/>\n<\/svg><\/div>    <\/div>\r\n    \n\n    <div class=\"socio socio-popup\">\n        <section class=\"info\">\n            <div style=\"position: relative; z-index: 3; background-color: \" class=\"top-wave\"><svg xmlns=\"http:\/\/www.w3.org\/2000\/svg\" viewbox=\"0 0 1440 89\" fill=\"none\">\n<path d=\"M1440 89H0V0C42.8925 9.83325 165.12 26.3999 310.892 14C389.027 7.35352 455.418 12.3831 526.061 17.7349C620.162 24.8635 721.808 32.5637 868.808 14C1074.69 -12 1337.78 14 1440 30V89Z\" fill=\"#f9f5ef\"\/>\n<\/svg><\/div>            <div class=\"container\">\n                <div class=\"info__wrapper\">\n                    <div class=\"info__column-1\">\n                        <p class=\"text text_fz20\">\n                            Rocalba is a seed production and marketing company founded in 1979 that wanted to help us help children with cancer to be happier playing outdoors. With the production of these solidarity seeds and the drive of its sales force, together we will be able to get on board to transform many rooftops into gardens.\r\n\r\n\r\n.\r\n                        <\/p>\n                    <\/div>\n                    <div class=\"info__column-2\">\n                        <img decoding=\"async\" src=\"https:\/\/www.juegaterapia.org\/wp-content\/uploads\/2023\/09\/Logo-Rocalba-Juegaterapia.png\"\n                             alt=\"\"\n                             class=\"info__column-2_img d-none d-sm-none d-md-block\">\n                        <img decoding=\"async\" src=\"https:\/\/www.juegaterapia.org\/wp-content\/uploads\/2023\/09\/Logo-Rocalba-Juegaterapia.png\"\n                             alt=\"\"\n                             class=\"info__column-2_img d-block d-sm-block d-md-none\">\n                    <\/div>\n                    <div class=\"info__column-3\">\n                        <div class=\"how-can__info d-block d-md-block d-lg-none\">\n                                                        <a class=\"how-can__info_p\" href=\"https:\/\/www.rocalba.es\/\" target=\"_blank\"><span class=\"how-can__info_span\">Rocalba, a very supportive seed manufacturer<\/span><\/a>\n                                                    <\/div>\n                        <p class=\"text text_fz20\">\n                                                    <\/p>\n                        <div class=\"how-can__info d-none d-md-none d-lg-block\">\n                                                        <a class=\"how-can__info_p\" href=\"https:\/\/www.rocalba.es\/\" target=\"_blank\"><span class=\"how-can__info_span\">Rocalba, a very supportive seed manufacturer<\/span><\/a>\n                                                    <\/div>\n\t\t\t\t\t\t\n\t\t\t\t\t\t<div style=\"display:flex\">\n\t\t\t\t\t\n                        <div style=\"flex: 50%\">\n\t\t\t\t\t\t\t\t\t\t\t\t\t<\/div>\n                           \n\t\t\t\t\t\t<div style=\"flex: 50%\">\t\n\t\t\t\t\t\t\t\t\t\t\t\t<\/div>\n\t\t\t\t\t\t\t\n\t\t\t\t\t  <\/div>\n\t\t\t\t\t\t\n                    <\/div>\n                <\/div>\n            <\/div>\n            <div style=\"background-color: \" class=\"bottom-wave type-2\"><svg xmlns=\"http:\/\/www.w3.org\/2000\/svg\" viewbox=\"0 0 1440 89\" fill=\"none\">\n<path d=\"M0 0V48C102.508 70.4252 362.304 105.819 568.764 69.378C716.174 43.3594 818.105 54.152 912.468 64.1435C983.309 71.6442 1049.89 78.6935 1128.24 69.378C1274.42 51.9984 1396.99 75.2178 1440 89V0H0Z\" fill=\"#f9f5ef\"\/>\n<\/svg><\/div>        <\/section>\n    <\/div>\n    \n\n    <div class=\"we-do\">\r\n            <section class=\"tween-block\">\r\n  \r\n            <div class=\"form__green-orange\">\r\n                <div class=\"form__column-1\">\r\n                    <h3 class=\"title title_fz52\" style=\"margin-left: auto; margin-right: auto;\">\r\n                        COLLABORATE with us                    <\/h3>\r\n                    <!-- <p class=\"wrapper-text_descr d-block d-sm-block d-md-none\" style=\"margin-left: auto; margin-right: auto;\">\r\n                        COLABORA con nosotros                    <\/p> -->\r\n                    <div class=\"container\">\r\n                        <div class=\"form__carousel\">\r\n                                                                                                <a href=\"https:\/\/www.juegaterapia.org\/en\/colabora\/socio-cancer-infantil\/formulario-socio-2\/\">\r\n                                        <div class=\"form__slider\">\r\n                                            <img decoding=\"async\" src=\"https:\/\/www.juegaterapia.org\/wp-content\/uploads\/2022\/04\/Hazte-Socio-Juegaterapia-1.jpg\"\r\n                                                alt=\"BECOME A MEMBER\"\r\n                                                class=\"form__slider_img\">\r\n                                            <p class=\"wrapper-text_descr d-md-block\">\r\n                                                Become a Member                                            <\/p>\r\n                                        <\/div>\r\n                                    <\/a>\r\n                                                                                                                                    <a href=\"https:\/\/www.juegaterapia.org\/en\/colabora\/marcas-solidarias\/\">\r\n                                        <div class=\"form__slider\">\r\n                                            <img decoding=\"async\" src=\"https:\/\/www.juegaterapia.org\/wp-content\/uploads\/2022\/03\/Frame-969-1.png\"\r\n                                                alt=\"BECOME A SOLIDARITY BRAND\"\r\n                                                class=\"form__slider_img\">\r\n                                            <p class=\"wrapper-text_descr d-md-block\">\r\n                                                Solidarity Companies                                            <\/p>\r\n                                        <\/div>\r\n                                    <\/a>\r\n                                                                                                                                    <a href=\"https:\/\/www.juegaterapia.org\/en\/colabora\/donaciones-cancer-infantil\/formulario-donativo\/\">\r\n                                        <div class=\"form__slider\">\r\n                                            <img decoding=\"async\" src=\"https:\/\/www.juegaterapia.org\/wp-content\/uploads\/2022\/04\/Haz-un-Donativo-Juegaterapia1.jpg\"\r\n                                                alt=\"MAKE A DONATION\"\r\n                                                class=\"form__slider_img\">\r\n                                            <p class=\"wrapper-text_descr d-md-block\">\r\n                                                Make a Donation                                            <\/p>\r\n                                        <\/div>\r\n                                    <\/a>\r\n                                                                                                                                    <a href=\"https:\/\/www.juegaterapia.org\/en\/colabora\/eventos-solidarios\/\">\r\n                                        <div class=\"form__slider\">\r\n                                            <img decoding=\"async\" src=\"https:\/\/www.juegaterapia.org\/wp-content\/uploads\/2022\/04\/Evento-Solidario-Juegaterapia.jpg\"\r\n                                                alt=\"SOLIDARITY EVENTS\"\r\n                                                class=\"form__slider_img\">\r\n                                            <p class=\"wrapper-text_descr d-md-block\">\r\n                                                Hold a Solidarity Event                                            <\/p>\r\n                                        <\/div>\r\n                                    <\/a>\r\n                                                                                                                                    <a href=\"https:\/\/www.juegaterapia.org\/en\/colabora\/testamento-solidario\/\">\r\n                                        <div class=\"form__slider\">\r\n                                            <img decoding=\"async\" src=\"https:\/\/www.juegaterapia.org\/wp-content\/uploads\/2022\/04\/Testamento-Solidario-Juegaterapia.jpg\"\r\n                                                alt=\"JOINT AND SEVERAL WILLS\"\r\n                                                class=\"form__slider_img\">\r\n                                            <p class=\"wrapper-text_descr d-md-block\">\r\n                                                Solidarity Will                                            <\/p>\r\n                                        <\/div>\r\n                                    <\/a>\r\n                                                                                                                                    <a href=\"https:\/\/www.juegaterapia.org\/en\/distribuidores-solidarios\/\">\r\n                                        <div class=\"form__slider\">\r\n                                            <img decoding=\"async\" src=\"https:\/\/www.juegaterapia.org\/wp-content\/uploads\/2022\/07\/Logo-Farmacias-Juegaterapia2.jpg\"\r\n                                                alt=\"\"\r\n                                                class=\"form__slider_img\">\r\n                                            <p class=\"wrapper-text_descr d-md-block\">\r\n                                                Solidarity Distributors                                            <\/p>\r\n                                        <\/div>\r\n                                    <\/a>\r\n                                                                                                                                    <a href=\"https:\/\/www.juegaterapia.org\/en\/colabora\/hazte-voluntario-hospitales-ninos-cancer\/\">\r\n                                        <div class=\"form__slider\">\r\n                                            <img decoding=\"async\" src=\"https:\/\/www.juegaterapia.org\/wp-content\/uploads\/2022\/06\/Voluntariado-Juegaterapia.jpg\"\r\n                                                alt=\"\"\r\n                                                class=\"form__slider_img\">\r\n                                            <p class=\"wrapper-text_descr d-md-block\">\r\n                                                Become a Volunteer                                            <\/p>\r\n                                        <\/div>\r\n                                    <\/a>\r\n                                                                                                                                    <a href=\"https:\/\/www.juegaterapia.org\/en\/colabora\/donaciones-cancer-infantil\/donar-consola-videojuegos\/\">\r\n                                        <div class=\"form__slider\">\r\n                                            <img decoding=\"async\" src=\"https:\/\/www.juegaterapia.org\/wp-content\/uploads\/2022\/04\/Dona-tu-consola-Juegaterapia.jpg\"\r\n                                                alt=\"DONATE YOUR CONSOLE\"\r\n                                                class=\"form__slider_img\">\r\n                                            <p class=\"wrapper-text_descr d-md-block\">\r\n                                                Donate Your Console                                            <\/p>\r\n                                        <\/div>\r\n                                    <\/a>\r\n                                                                                                                                    <a href=\"https:\/\/www.juegaterapia.org\/en\/colabora\/colegios-solidarios\/\">\r\n                                        <div class=\"form__slider\">\r\n                                            <img decoding=\"async\" src=\"https:\/\/www.juegaterapia.org\/wp-content\/uploads\/2022\/04\/Colegio-Solidario-Juegaterapia.jpg\"\r\n                                                alt=\"SOLIDARITY SCHOOL\"\r\n                                                class=\"form__slider_img\">\r\n                                            <p class=\"wrapper-text_descr d-md-block\">\r\n                                                Become a Solidarity School                                            <\/p>\r\n                                        <\/div>\r\n                                    <\/a>\r\n                                                                                        <\/div>\r\n                    <\/div>\r\n                 \r\n                <\/div>\r\n                <img decoding=\"async\" class=\"top-wave d-block d-md-block d-lg-none\"\r\n                     src=\"https:\/\/www.juegaterapia.org\/wp-content\/themes\/split_juegaterapia\/assets\/img\/form\/divider-mobile.png\" alt=\"#\">\r\n                <div class=\"form__column-2\">\r\n                    <h3 class=\"title title_fz52\" style=\"margin-left: auto; margin-right: auto;\">\r\n                        Become a Member                    <\/h3>\r\n                    <img decoding=\"async\" src=\"https:\/\/www.juegaterapia.org\/wp-content\/uploads\/2022\/04\/Hazte-Socio-Juegaterapia-1.png\"\r\n                         alt=\"\"\r\n                         class=\"form__column-2_img\">\r\n                    <p class=\"wrapper-text_descr\">\r\n                        Our members are our mainstay, our greatest support.\r\nYou make Juegaterapia great!                    <\/p>\r\n                   \r\n\r\n                                                         <a class=\"btn btn_header btn_header_ml0\" href=\"\/colabora\/socio-cancer-infantil\/\" target=\"_self\">\r\n                                    I want to become a member                                    <img decoding=\"async\" src=\"https:\/\/www.juegaterapia.org\/wp-content\/themes\/split_juegaterapia\/assets\/img\/icons\/decorate\/heart.svg\"\r\n                             alt=\"header\">\r\n                            <\/a>\r\n                                        <\/div>\r\n            <\/div>\r\n\r\n        <\/section>\r\n        <div class=\"bottom-wave type-4\"><svg xmlns=\"http:\/\/www.w3.org\/2000\/svg\" viewbox=\"0 0 1440 89\" fill=\"none\">\n<path d=\"M1440 89H0V0C42.8925 9.83325 165.12 26.3999 310.892 14C389.027 7.35352 455.418 12.3831 526.061 17.7349C620.162 24.8635 721.808 32.5637 868.808 14C1074.69 -12 1337.78 14 1440 30V89Z\" fill=\"#f9f5ef\"\/>\n<\/svg><\/div>    <\/div>","protected":false},"excerpt":{"rendered":"","protected":false},"author":67,"featured_media":151031,"parent":402,"menu_order":0,"comment_status":"closed","ping_status":"closed","template":"","meta":{"_acf_changed":false,"inline_featured_image":false,"_themeisle_gutenberg_block_has_review":false,"footnotes":""},"class_list":["post-147440","page","type-page","status-publish","has-post-thumbnail","hentry"],"acf":[],"aioseo_notices":[],"_links":{"self":[{"href":"https:\/\/www.juegaterapia.org\/en\/wp-json\/wp\/v2\/pages\/147440","targetHints":{"allow":["GET"]}}],"collection":[{"href":"https:\/\/www.juegaterapia.org\/en\/wp-json\/wp\/v2\/pages"}],"about":[{"href":"https:\/\/www.juegaterapia.org\/en\/wp-json\/wp\/v2\/types\/page"}],"author":[{"embeddable":true,"href":"https:\/\/www.juegaterapia.org\/en\/wp-json\/wp\/v2\/users\/67"}],"replies":[{"embeddable":true,"href":"https:\/\/www.juegaterapia.org\/en\/wp-json\/wp\/v2\/comments?post=147440"}],"version-history":[{"count":86,"href":"https:\/\/www.juegaterapia.org\/en\/wp-json\/wp\/v2\/pages\/147440\/revisions"}],"predecessor-version":[{"id":194914,"href":"https:\/\/www.juegaterapia.org\/en\/wp-json\/wp\/v2\/pages\/147440\/revisions\/194914"}],"up":[{"embeddable":true,"href":"https:\/\/www.juegaterapia.org\/en\/wp-json\/wp\/v2\/pages\/402"}],"wp:featuredmedia":[{"embeddable":true,"href":"https:\/\/www.juegaterapia.org\/en\/wp-json\/wp\/v2\/media\/151031"}],"wp:attachment":[{"href":"https:\/\/www.juegaterapia.org\/en\/wp-json\/wp\/v2\/media?parent=147440"}],"curies":[{"name":"wp","href":"https:\/\/api.w.org\/{rel}","templated":true}]}}