{"id":10021,"date":"2020-02-05T14:29:47","date_gmt":"2020-02-05T13:29:47","guid":{"rendered":"http:\/\/webjt-pre.azurewebsites.net\/?post_type=product&#038;p=10021"},"modified":"2026-04-30T17:44:57","modified_gmt":"2026-04-30T15:44:57","slug":"disney-babypelon","status":"publish","type":"product","link":"https:\/\/www.juegaterapia.org\/en\/tienda-solidaria-regalos\/baby-pelones\/babypelon-disney\/","title":{"rendered":"Baby Pel\u00f3n Disney"},"content":{"rendered":"","protected":false},"excerpt":{"rendered":"<p>Baby Pel\u00f3n number 19 of La Colecci\u00f3n M\u00e1s Bonita Del Mundo has arrived. In its creation we have been lucky enough to have the help of Disney, who has designed a cool scarf full of good friends like Mickey. A new magical Baby Pel\u00f3n also comes from Ruth and Julia. With all these wonderful helpers we will be able to raise the necessary funds to build a cinema in Almer\u00eda Hospital.<\/p>\n<p>Dimensions 20 x 10 x 20 cm.<br \/>\nMinimum recommended age 12 months and over.<br \/>\nWeight 200 gr.<\/p>","protected":false},"featured_media":145772,"template":"","meta":{"_acf_changed":false,"inline_featured_image":false,"_themeisle_gutenberg_block_has_review":false},"product_brand":[],"product_cat":[18],"product_tag":[],"class_list":{"0":"post-10021","1":"product","2":"type-product","3":"status-publish","4":"has-post-thumbnail","6":"product_cat-baby-pelones","8":"first","9":"instock","10":"taxable","11":"shipping-taxable","12":"purchasable","13":"product-type-simple"},"acf":[],"aioseo_notices":[],"_links":{"self":[{"href":"https:\/\/www.juegaterapia.org\/en\/wp-json\/wp\/v2\/product\/10021","targetHints":{"allow":["GET"]}}],"collection":[{"href":"https:\/\/www.juegaterapia.org\/en\/wp-json\/wp\/v2\/product"}],"about":[{"href":"https:\/\/www.juegaterapia.org\/en\/wp-json\/wp\/v2\/types\/product"}],"wp:featuredmedia":[{"embeddable":true,"href":"https:\/\/www.juegaterapia.org\/en\/wp-json\/wp\/v2\/media\/145772"}],"wp:attachment":[{"href":"https:\/\/www.juegaterapia.org\/en\/wp-json\/wp\/v2\/media?parent=10021"}],"wp:term":[{"taxonomy":"product_brand","embeddable":true,"href":"https:\/\/www.juegaterapia.org\/en\/wp-json\/wp\/v2\/product_brand?post=10021"},{"taxonomy":"product_cat","embeddable":true,"href":"https:\/\/www.juegaterapia.org\/en\/wp-json\/wp\/v2\/product_cat?post=10021"},{"taxonomy":"product_tag","embeddable":true,"href":"https:\/\/www.juegaterapia.org\/en\/wp-json\/wp\/v2\/product_tag?post=10021"}],"curies":[{"name":"wp","href":"https:\/\/api.w.org\/{rel}","templated":true}]}}