{"id":110969,"date":"2022-10-19T22:02:54","date_gmt":"2022-10-19T20:02:54","guid":{"rendered":"https:\/\/www.juegaterapia.org\/?post_type=product&#038;p=110969"},"modified":"2026-04-20T05:44:52","modified_gmt":"2026-04-20T03:44:52","slug":"baby-pelon-pablo-alboran","status":"publish","type":"product","link":"https:\/\/www.juegaterapia.org\/en\/tienda-solidaria-regalos\/baby-pelones\/baby-pelon-pablo-alboran\/","title":{"rendered":"Baby Pel\u00f3n Pablo Albor\u00e1n"},"content":{"rendered":"","protected":false},"excerpt":{"rendered":"<p>The Juegaterap\u00e9utica Family welcomes Baby Pel\u00f3n n\u00ba27 of the collection from the hand of Pablo Albor\u00e1n and little Marco. Two new friends who arrive ready to leave their mark on the hearts of all the little ones and families who face cancer every day. A new Baby Pel\u00f3n in solidarity and powerful because he will help us to turn hospitals into magical places full of life. Thank you all for collecting solidarity.<\/p>\n<p>Minimum recommended age 12 months and over.<\/p>","protected":false},"featured_media":111083,"template":"","meta":{"_acf_changed":false,"inline_featured_image":false,"_themeisle_gutenberg_block_has_review":false},"product_brand":[],"product_cat":[18],"product_tag":[],"class_list":{"0":"post-110969","1":"product","2":"type-product","3":"status-publish","4":"has-post-thumbnail","6":"product_cat-baby-pelones","8":"first","9":"instock","10":"featured","11":"taxable","12":"shipping-taxable","13":"purchasable","14":"product-type-simple"},"acf":[],"aioseo_notices":[],"_links":{"self":[{"href":"https:\/\/www.juegaterapia.org\/en\/wp-json\/wp\/v2\/product\/110969","targetHints":{"allow":["GET"]}}],"collection":[{"href":"https:\/\/www.juegaterapia.org\/en\/wp-json\/wp\/v2\/product"}],"about":[{"href":"https:\/\/www.juegaterapia.org\/en\/wp-json\/wp\/v2\/types\/product"}],"wp:featuredmedia":[{"embeddable":true,"href":"https:\/\/www.juegaterapia.org\/en\/wp-json\/wp\/v2\/media\/111083"}],"wp:attachment":[{"href":"https:\/\/www.juegaterapia.org\/en\/wp-json\/wp\/v2\/media?parent=110969"}],"wp:term":[{"taxonomy":"product_brand","embeddable":true,"href":"https:\/\/www.juegaterapia.org\/en\/wp-json\/wp\/v2\/product_brand?post=110969"},{"taxonomy":"product_cat","embeddable":true,"href":"https:\/\/www.juegaterapia.org\/en\/wp-json\/wp\/v2\/product_cat?post=110969"},{"taxonomy":"product_tag","embeddable":true,"href":"https:\/\/www.juegaterapia.org\/en\/wp-json\/wp\/v2\/product_tag?post=110969"}],"curies":[{"name":"wp","href":"https:\/\/api.w.org\/{rel}","templated":true}]}}