{"id":115186,"date":"2022-12-20T16:08:09","date_gmt":"2022-12-20T15:08:09","guid":{"rendered":"https:\/\/www.juegaterapia.org\/?post_type=product&#038;p=115186"},"modified":"2026-04-29T17:45:07","modified_gmt":"2026-04-29T15:45:07","slug":"baby-pelon-elena","status":"publish","type":"product","link":"https:\/\/www.juegaterapia.org\/en\/tienda-solidaria-regalos\/baby-pelones\/baby-pelon-elena\/","title":{"rendered":"Baby Pel\u00f3n Elena Huelva"},"content":{"rendered":"","protected":false},"excerpt":{"rendered":"<p>Elena Huelva joins the juegaterap\u00e9utica family with strength and love in the design of Baby Pel\u00f3n n\u00ba28 of the collection. A very special one, because it comes straight from her heart, and because the profits from its sales will go entirely to the \"Elena Huelva Scholarship\" that we at Juegaterapia have created together with GEIS (Spanish Sarcoma Research Group) to find a cure for Ewing's sarcoma, which Elena has been fighting for years.<br \/>\nThank you all for your collaboration. The \"Beca Elena Huelva\" is born like her, to win.<\/p>","protected":false},"featured_media":137670,"template":"","meta":{"_acf_changed":false,"inline_featured_image":false,"_themeisle_gutenberg_block_has_review":false},"product_brand":[],"product_cat":[18],"product_tag":[],"class_list":{"0":"post-115186","1":"product","2":"type-product","3":"status-publish","4":"has-post-thumbnail","6":"product_cat-baby-pelones","8":"first","9":"instock","10":"featured","11":"taxable","12":"shipping-taxable","13":"purchasable","14":"product-type-simple"},"acf":[],"aioseo_notices":[],"_links":{"self":[{"href":"https:\/\/www.juegaterapia.org\/en\/wp-json\/wp\/v2\/product\/115186","targetHints":{"allow":["GET"]}}],"collection":[{"href":"https:\/\/www.juegaterapia.org\/en\/wp-json\/wp\/v2\/product"}],"about":[{"href":"https:\/\/www.juegaterapia.org\/en\/wp-json\/wp\/v2\/types\/product"}],"wp:featuredmedia":[{"embeddable":true,"href":"https:\/\/www.juegaterapia.org\/en\/wp-json\/wp\/v2\/media\/137670"}],"wp:attachment":[{"href":"https:\/\/www.juegaterapia.org\/en\/wp-json\/wp\/v2\/media?parent=115186"}],"wp:term":[{"taxonomy":"product_brand","embeddable":true,"href":"https:\/\/www.juegaterapia.org\/en\/wp-json\/wp\/v2\/product_brand?post=115186"},{"taxonomy":"product_cat","embeddable":true,"href":"https:\/\/www.juegaterapia.org\/en\/wp-json\/wp\/v2\/product_cat?post=115186"},{"taxonomy":"product_tag","embeddable":true,"href":"https:\/\/www.juegaterapia.org\/en\/wp-json\/wp\/v2\/product_tag?post=115186"}],"curies":[{"name":"wp","href":"https:\/\/api.w.org\/{rel}","templated":true}]}}