{"id":168513,"date":"2024-03-04T13:44:50","date_gmt":"2024-03-04T12:44:50","guid":{"rendered":"https:\/\/www.juegaterapia.org\/?post_type=product&#038;p=168513"},"modified":"2026-04-20T05:44:52","modified_gmt":"2026-04-20T03:44:52","slug":"baby-pelon-sebastian-yatra","status":"publish","type":"product","link":"https:\/\/www.juegaterapia.org\/en\/tienda-solidaria-regalos\/baby-pelones\/baby-pelon-sebastian-yatra\/","title":{"rendered":"Baby Pel\u00f3n Sebasti\u00e1n Yatra"},"content":{"rendered":"","protected":false},"excerpt":{"rendered":"<p>As Sebasti\u00e1n Yatra sings:<br \/>\n\u266b\"There is a ray of light coming through the window, it gives you back your desire and takes away your pain\" \u266b.<br \/>\nThis is what we want our Baby Pelones to be like, pure strength and energy.<br \/>\nThis model by Sebasti\u00e1n and Claudia is number 33 in the collection and thanks to it we will continue to turn hospitals into magical places, where children can continue to be children.<br \/>\nThank you for helping us and collecting solidarity.<\/p>","protected":false},"featured_media":168516,"template":"","meta":{"_acf_changed":false,"inline_featured_image":false,"_themeisle_gutenberg_block_has_review":false},"product_brand":[],"product_cat":[18],"product_tag":[],"class_list":{"0":"post-168513","1":"product","2":"type-product","3":"status-publish","4":"has-post-thumbnail","6":"product_cat-baby-pelones","8":"first","9":"instock","10":"featured","11":"taxable","12":"shipping-taxable","13":"purchasable","14":"product-type-simple"},"acf":[],"aioseo_notices":[],"_links":{"self":[{"href":"https:\/\/www.juegaterapia.org\/en\/wp-json\/wp\/v2\/product\/168513","targetHints":{"allow":["GET"]}}],"collection":[{"href":"https:\/\/www.juegaterapia.org\/en\/wp-json\/wp\/v2\/product"}],"about":[{"href":"https:\/\/www.juegaterapia.org\/en\/wp-json\/wp\/v2\/types\/product"}],"wp:featuredmedia":[{"embeddable":true,"href":"https:\/\/www.juegaterapia.org\/en\/wp-json\/wp\/v2\/media\/168516"}],"wp:attachment":[{"href":"https:\/\/www.juegaterapia.org\/en\/wp-json\/wp\/v2\/media?parent=168513"}],"wp:term":[{"taxonomy":"product_brand","embeddable":true,"href":"https:\/\/www.juegaterapia.org\/en\/wp-json\/wp\/v2\/product_brand?post=168513"},{"taxonomy":"product_cat","embeddable":true,"href":"https:\/\/www.juegaterapia.org\/en\/wp-json\/wp\/v2\/product_cat?post=168513"},{"taxonomy":"product_tag","embeddable":true,"href":"https:\/\/www.juegaterapia.org\/en\/wp-json\/wp\/v2\/product_tag?post=168513"}],"curies":[{"name":"wp","href":"https:\/\/api.w.org\/{rel}","templated":true}]}}