{"id":171586,"date":"2024-04-22T17:36:12","date_gmt":"2024-04-22T15:36:12","guid":{"rendered":"https:\/\/www.juegaterapia.org\/?post_type=product&#038;p=171586"},"modified":"2026-05-12T05:45:12","modified_gmt":"2026-05-12T03:45:12","slug":"star-mask-juegaterapia","status":"publish","type":"product","link":"https:\/\/www.juegaterapia.org\/en\/tienda-solidaria-regalos\/otras-cosas-que-molan\/antifaz-estrella-juegaterapia\/","title":{"rendered":"Pa\u00f1uelo Antifaz Estrella"},"content":{"rendered":"","protected":false},"excerpt":{"rendered":"<p><strong>S\u00d3LO PARA MENORES DE 8 A\u00d1OS<\/strong> Con el Superpa\u00f1uelo Antifaz Estrella de Juegaterapia, la p\u00e9rdida de pelo ser\u00e1 menos impactante para los peques en tratamiento gracias a la extraordinaria cantidad de superpoderes que el pa\u00f1uelo les da.<br \/>\nC\u00f3mpralo para los juegos de tus peques o para un ni\u00f1o hospitalizado y nosotros se lo llevaremos en tu nombre.<br \/>\n\u00a1Descubre el superpoder de ayudar!<\/p>","protected":false},"featured_media":171585,"template":"","meta":{"_acf_changed":false,"inline_featured_image":false,"_themeisle_gutenberg_block_has_review":false},"product_brand":[],"product_cat":[19],"product_tag":[],"class_list":{"0":"post-171586","1":"product","2":"type-product","3":"status-publish","4":"has-post-thumbnail","6":"product_cat-otras-cosas-que-molan","8":"first","9":"instock","10":"taxable","11":"shipping-taxable","12":"purchasable","13":"product-type-simple"},"acf":[],"aioseo_notices":[],"_links":{"self":[{"href":"https:\/\/www.juegaterapia.org\/en\/wp-json\/wp\/v2\/product\/171586","targetHints":{"allow":["GET"]}}],"collection":[{"href":"https:\/\/www.juegaterapia.org\/en\/wp-json\/wp\/v2\/product"}],"about":[{"href":"https:\/\/www.juegaterapia.org\/en\/wp-json\/wp\/v2\/types\/product"}],"wp:featuredmedia":[{"embeddable":true,"href":"https:\/\/www.juegaterapia.org\/en\/wp-json\/wp\/v2\/media\/171585"}],"wp:attachment":[{"href":"https:\/\/www.juegaterapia.org\/en\/wp-json\/wp\/v2\/media?parent=171586"}],"wp:term":[{"taxonomy":"product_brand","embeddable":true,"href":"https:\/\/www.juegaterapia.org\/en\/wp-json\/wp\/v2\/product_brand?post=171586"},{"taxonomy":"product_cat","embeddable":true,"href":"https:\/\/www.juegaterapia.org\/en\/wp-json\/wp\/v2\/product_cat?post=171586"},{"taxonomy":"product_tag","embeddable":true,"href":"https:\/\/www.juegaterapia.org\/en\/wp-json\/wp\/v2\/product_tag?post=171586"}],"curies":[{"name":"wp","href":"https:\/\/api.w.org\/{rel}","templated":true}]}}