{"id":198932,"date":"2025-09-18T13:05:40","date_gmt":"2025-09-18T11:05:40","guid":{"rendered":"https:\/\/www.juegaterapia.org\/?post_type=product&#038;p=198932"},"modified":"2026-05-09T17:44:56","modified_gmt":"2026-05-09T15:44:56","slug":"baby-pelon-ana-mena","status":"publish","type":"product","link":"https:\/\/www.juegaterapia.org\/en\/tienda-solidaria-regalos\/baby-pelones\/baby-pelon-ana-mena\/","title":{"rendered":"Baby Pel\u00f3n Ana Mena"},"content":{"rendered":"","protected":false},"excerpt":{"rendered":"<p>Este Baby Pel\u00f3n est\u00e1 lleno de luz y cari\u00f1o. De la mano de Ana Mena y Arianny y su frase \u201cLo mejor est\u00e1 por llegar\u201d llega convertido en toda una promesa de futuro y amor para compartir.<br \/>\n\u00a1Ya tenemos en la familia al Baby Pel\u00f3n N.\u00ba 41 de la Colecci\u00f3n!<\/p>","protected":false},"featured_media":198884,"template":"","meta":{"_acf_changed":false,"inline_featured_image":false,"_themeisle_gutenberg_block_has_review":false},"product_brand":[],"product_cat":[18],"product_tag":[],"class_list":{"0":"post-198932","1":"product","2":"type-product","3":"status-publish","4":"has-post-thumbnail","6":"product_cat-baby-pelones","8":"first","9":"instock","10":"featured","11":"taxable","12":"shipping-taxable","13":"purchasable","14":"product-type-simple"},"acf":[],"aioseo_notices":[],"_links":{"self":[{"href":"https:\/\/www.juegaterapia.org\/en\/wp-json\/wp\/v2\/product\/198932","targetHints":{"allow":["GET"]}}],"collection":[{"href":"https:\/\/www.juegaterapia.org\/en\/wp-json\/wp\/v2\/product"}],"about":[{"href":"https:\/\/www.juegaterapia.org\/en\/wp-json\/wp\/v2\/types\/product"}],"wp:featuredmedia":[{"embeddable":true,"href":"https:\/\/www.juegaterapia.org\/en\/wp-json\/wp\/v2\/media\/198884"}],"wp:attachment":[{"href":"https:\/\/www.juegaterapia.org\/en\/wp-json\/wp\/v2\/media?parent=198932"}],"wp:term":[{"taxonomy":"product_brand","embeddable":true,"href":"https:\/\/www.juegaterapia.org\/en\/wp-json\/wp\/v2\/product_brand?post=198932"},{"taxonomy":"product_cat","embeddable":true,"href":"https:\/\/www.juegaterapia.org\/en\/wp-json\/wp\/v2\/product_cat?post=198932"},{"taxonomy":"product_tag","embeddable":true,"href":"https:\/\/www.juegaterapia.org\/en\/wp-json\/wp\/v2\/product_tag?post=198932"}],"curies":[{"name":"wp","href":"https:\/\/api.w.org\/{rel}","templated":true}]}}