{"id":200274,"date":"2025-10-30T12:57:58","date_gmt":"2025-10-30T11:57:58","guid":{"rendered":"https:\/\/www.juegaterapia.org\/?post_type=product&#038;p=200274"},"modified":"2026-05-15T06:07:16","modified_gmt":"2026-05-15T04:07:16","slug":"expositor-baby-pelon-minnie","status":"publish","type":"product","link":"https:\/\/www.juegaterapia.org\/en\/tienda-solidaria-regalos\/expositores\/expositor-baby-pelon-minnie\/","title":{"rendered":"Expositor Baby Pel\u00f3n Minnie"},"content":{"rendered":"<p>Un Expositor Minnie, 12 Baby Pelones de Minnie<\/p>","protected":false},"excerpt":{"rendered":"<p>Ya tenemos en la Familia Juegaterap\u00e9utica un Baby Pel\u00f3n que es todo coraz\u00f3n. Muy rosa, muy dulce y\u2026 \u00a1muy solidario! Valentina y Minnie Mouse de Disney lo han creado juntas.<br \/>\n\u00a1En N.\u00ba 42 de la Colecci\u00f3n!<\/p>","protected":false},"featured_media":200745,"template":"","meta":{"_acf_changed":false,"inline_featured_image":false,"_themeisle_gutenberg_block_has_review":false},"product_brand":[],"product_cat":[20],"product_tag":[],"class_list":{"0":"post-200274","1":"product","2":"type-product","3":"status-publish","4":"has-post-thumbnail","6":"product_cat-expositores","8":"first","9":"instock","10":"featured","11":"taxable","12":"shipping-taxable","13":"purchasable","14":"product-type-simple"},"acf":[],"aioseo_notices":[],"_links":{"self":[{"href":"https:\/\/www.juegaterapia.org\/en\/wp-json\/wp\/v2\/product\/200274","targetHints":{"allow":["GET"]}}],"collection":[{"href":"https:\/\/www.juegaterapia.org\/en\/wp-json\/wp\/v2\/product"}],"about":[{"href":"https:\/\/www.juegaterapia.org\/en\/wp-json\/wp\/v2\/types\/product"}],"wp:featuredmedia":[{"embeddable":true,"href":"https:\/\/www.juegaterapia.org\/en\/wp-json\/wp\/v2\/media\/200745"}],"wp:attachment":[{"href":"https:\/\/www.juegaterapia.org\/en\/wp-json\/wp\/v2\/media?parent=200274"}],"wp:term":[{"taxonomy":"product_brand","embeddable":true,"href":"https:\/\/www.juegaterapia.org\/en\/wp-json\/wp\/v2\/product_brand?post=200274"},{"taxonomy":"product_cat","embeddable":true,"href":"https:\/\/www.juegaterapia.org\/en\/wp-json\/wp\/v2\/product_cat?post=200274"},{"taxonomy":"product_tag","embeddable":true,"href":"https:\/\/www.juegaterapia.org\/en\/wp-json\/wp\/v2\/product_tag?post=200274"}],"curies":[{"name":"wp","href":"https:\/\/api.w.org\/{rel}","templated":true}]}}