{"id":207125,"date":"2026-02-06T11:49:19","date_gmt":"2026-02-06T10:49:19","guid":{"rendered":"https:\/\/www.juegaterapia.org\/?post_type=product&#038;p=207125"},"modified":"2026-05-15T06:07:17","modified_gmt":"2026-05-15T04:07:17","slug":"saquito-de-la-felicidad","status":"publish","type":"product","link":"https:\/\/www.juegaterapia.org\/en\/tienda-solidaria-regalos\/otras-cosas-que-molan\/saquito-de-la-felicidad\/","title":{"rendered":"Saquito de la felicidad"},"content":{"rendered":"","protected":false},"excerpt":{"rendered":"<p>\u00bfOs hab\u00e9is dado cuenta de que la felicidad est\u00e1 en las peque\u00f1as cosas? Poder peinarte, salir del hospital, volver al cole\u2026<br \/>\nPara que la tengamos siempre cerca, hemos creado el Saquito de la Felicidad. Lo aprietas, oyes las risas de Emily, Otto y Rosa, sonr\u00edes y adem\u00e1s nos ayudas a recaudar fondos para seguir convirtiendo los hospitales en lugares m\u00e1gicos.<br \/>\n\u00a1Gracias por ayudarnos!<\/p>","protected":false},"featured_media":207405,"template":"","meta":{"_acf_changed":false,"inline_featured_image":false,"_themeisle_gutenberg_block_has_review":false},"product_brand":[],"product_cat":[19],"product_tag":[],"class_list":{"0":"post-207125","1":"product","2":"type-product","3":"status-publish","4":"has-post-thumbnail","6":"product_cat-otras-cosas-que-molan","8":"first","9":"instock","10":"taxable","11":"shipping-taxable","12":"purchasable","13":"product-type-simple"},"acf":[],"aioseo_notices":[],"_links":{"self":[{"href":"https:\/\/www.juegaterapia.org\/en\/wp-json\/wp\/v2\/product\/207125","targetHints":{"allow":["GET"]}}],"collection":[{"href":"https:\/\/www.juegaterapia.org\/en\/wp-json\/wp\/v2\/product"}],"about":[{"href":"https:\/\/www.juegaterapia.org\/en\/wp-json\/wp\/v2\/types\/product"}],"wp:featuredmedia":[{"embeddable":true,"href":"https:\/\/www.juegaterapia.org\/en\/wp-json\/wp\/v2\/media\/207405"}],"wp:attachment":[{"href":"https:\/\/www.juegaterapia.org\/en\/wp-json\/wp\/v2\/media?parent=207125"}],"wp:term":[{"taxonomy":"product_brand","embeddable":true,"href":"https:\/\/www.juegaterapia.org\/en\/wp-json\/wp\/v2\/product_brand?post=207125"},{"taxonomy":"product_cat","embeddable":true,"href":"https:\/\/www.juegaterapia.org\/en\/wp-json\/wp\/v2\/product_cat?post=207125"},{"taxonomy":"product_tag","embeddable":true,"href":"https:\/\/www.juegaterapia.org\/en\/wp-json\/wp\/v2\/product_tag?post=207125"}],"curies":[{"name":"wp","href":"https:\/\/api.w.org\/{rel}","templated":true}]}}