{"id":103144,"date":"2022-04-18T11:29:32","date_gmt":"2022-04-18T11:29:32","guid":{"rendered":"http:\/\/webjt-pre.azurewebsites.net\/?page_id=103144"},"modified":"2025-02-11T17:28:02","modified_gmt":"2025-02-11T16:28:02","slug":"informativa-sulla-privacy","status":"publish","type":"page","link":"https:\/\/www.juegaterapia.org\/it\/politica-de-privacidad\/","title":{"rendered":"Informativa sulla privacy"},"content":{"rendered":"<div class=\"block-legal-section\">\n    <section class=\"habitant-information\">\n    <div class=\"container\">\n <h1 class=\"title title_fz70\">Informativa sulla privacy<\/h1>\n<p>In conformit\u00e0 alle disposizioni della normativa vigente in materia di protezione dei dati personali, La informiamo che i Suoi dati saranno inseriti nel sistema di trattamento di propriet\u00e0 di FUNDACI\u00d3N JUEGATERAPIA con CIF G86557097 e sede legale in Nu\u00f1ez de Balboa 56 , Bajo A. 28001, MADRID, per le finalit\u00e0 e i periodi di conservazione descritti di seguito.<\/p>\n<ul>\n<li>Scopo: Gestire la sua registrazione come volontario di FUNDACI\u00d3N JUEGATERAPIA.<\/li>\n<li>Periodo di conservazione: 10 anni in conformit\u00e0 alla legge 7\/2012, del 29 ottobre, che modifica le norme fiscali e di bilancio e adegua le norme finanziarie per intensificare le azioni di prevenzione e di lotta contro la frode.<\/li>\n<li>Base legittima: il consenso dell'interessato e l'esecuzione di un contratto.<\/li>\n<li>Trasferimento dei dati: I vostri dati saranno trasferiti solo a fornitori di servizi collegati alla nostra entit\u00e0, necessari per elaborare la vostra registrazione come volontari.<\/li>\n<\/ul>\n<ul>\n<li>Scopo: Elaborare la registrazione dell'utente come socio, nonch\u00e9 gestire le condizioni e i vantaggi dell'essere socio di FUNDACI\u00d3N JUEGATERAPIA.<\/li>\n<li>Periodo di conservazione: Per la durata del consenso dato, tranne nei casi in cui vi sia un obbligo legale di conservazione dei dati.<\/li>\n<li>Base legittima: il consenso dell'interessato.<\/li>\n<li>Divulgazione: I vostri dati saranno trasferiti a terzi solo in caso di obblighi di legge.<\/li>\n<\/ul>\n<ul>\n<li>Scopo: Elaborazione e gestione di donazioni e\/o contributi finanziari fissi o sporadici.<\/li>\n<li>Periodo di conservazione: 10 anni, in conformit\u00e0 alla Legge 10\/2010, del 28 aprile, sulla prevenzione del riciclaggio di denaro e del finanziamento del terrorismo.<\/li>\n<li>Base legittima: il consenso dell'interessato.<\/li>\n<li>Trasferimenti: i Suoi dati saranno comunicati, se necessario, all'Agenzia delle Entrate, a Banche e Casse di Risparmio al fine di adempiere agli obblighi fiscali e tributari previsti dalla normativa vigente. Inoltre, La informiamo che la base legittima del trasferimento \u00e8 il rispetto della legge.<\/li>\n<\/ul>\n<ul>\n<li>Finalit\u00e0: utilizzeremo i vostri dati per rispondere alle vostre richieste.<\/li>\n<li>Periodo di conservazione: Per la durata del consenso prestato.<\/li>\n<li>Base legittima: il consenso dell'interessato.<\/li>\n<li>Divulgazione: I vostri dati saranno trasferiti a terzi solo in caso di obblighi di legge.<\/li>\n<\/ul>\n<ul>\n<li>Finalit\u00e0: utilizzeremo i vostri dati per inviarvi comunicazioni commerciali che potrebbero interessarvi.<\/li>\n<li>Periodo di conservazione: Per la durata del consenso prestato.<\/li>\n<li>Base legittima: Consenso dell'interessato<\/li>\n<li>Divulgazione: I vostri dati saranno trasferiti a terzi solo in caso di obblighi di legge.<\/li>\n<\/ul>\n<ul>\n<li>Finalit\u00e0: utilizzeremo i vostri dati per elaborare la consegna della vostra console.<\/li>\n<li>Periodo di conservazione: Il periodo di tempo strettamente necessario per elaborare la spedizione.<\/li>\n<li>Base legittima: il consenso dell'interessato.<\/li>\n<li>Divulgazione: I vostri dati saranno trasferiti a terzi solo in caso di obblighi di legge.<\/li>\n<\/ul>\n<ul>\n<li>Finalidad: Usaremos sus datos con la finalidad de tramitar el env\u00edo de su pedido.<\/li>\n<li>Periodo di conservazione: Il periodo di tempo strettamente necessario per elaborare la spedizione.<\/li>\n<li>Base legittima: il consenso dell'interessato.<\/li>\n<li>Divulgazione: I vostri dati saranno trasferiti a terzi solo in caso di obblighi di legge.<\/li>\n<\/ul>\n<p>FUNDACI\u00d3N JUEGATERAPIA informa che proceder\u00e0 al trattamento dei dati in modo lecito, leale, trasparente, adeguato, pertinente, limitato, accurato e aggiornato. Per questo motivo FUNDACI\u00d3N JUEGATERAPIA si impegna ad adottare tutte le misure ragionevoli per garantire la cancellazione o la rettifica immediata dei dati inesatti.<\/p>\n<p>In conformit\u00e0 ai diritti conferiti dalla normativa vigente in materia di protezione dei dati, l'utente pu\u00f2 esercitare i diritti di accesso, rettifica, limitazione del trattamento, soppressione, portabilit\u00e0 e opposizione al trattamento dei propri dati personali, nonch\u00e9 al consenso prestato per il trattamento degli stessi, inviando la propria richiesta all'indirizzo postale sopra indicato o all'indirizzo e-mail hola@juegaterapia.org.<\/p>\n<p>Potete rivolgere il vostro reclamo all'autorit\u00e0 di vigilanza competente.<\/p>\n<p><strong>Condizioni di utilizzo<\/strong><\/p>\n<p>In conformit\u00e0 con la Legge 34\/2002, dell'11 luglio, sui Servizi della Societ\u00e0 dell'Informazione e del Commercio Elettronico (LSSI-CE), FUNDACION JUEGATERAPIA informa di essere il proprietario del sito web www.juegaterapia.org. In conformit\u00e0 con i requisiti dell'articolo 10 della suddetta legge, FUNDACION JUEGATERAPIA informa dei seguenti dati:<\/p>\n<p>Il proprietario di questo sito web \u00e8 FUNDACI\u00d3N JUEGATERAPIA, con codice fiscale G86557097 e sede legale in Nu\u00f1ez de Balboa 56 Bajo A, MADRID, iscritta al Registro delle Fondazioni del Ministero della Salute, della Sicurezza Sociale e dell'Uguaglianza 28-1699. L'indirizzo e-mail per contattare la societ\u00e0 \u00e8: hola@juegaterapia.org.<\/p>\n<p><strong>Regime degli utenti e della responsabilit\u00e0<\/strong><\/p>\n<p>La navigazione, l'accesso e l'utilizzo del sito web di FUNDACI\u00d3N JUEGATERAPIA conferiscono all'utente la condizione di accettare, a partire dalla navigazione nel sito web di FUNDACI\u00d3N JUEGATERAPIA, tutte le condizioni di utilizzo qui stabilite, senza pregiudicare l'applicazione delle corrispondenti norme di conformit\u00e0 legale obbligatoria, a seconda dei casi.<\/p>\n<p>Il sito web di FUNDACI\u00d3N JUEGATERAPIA fornisce un'ampia gamma di informazioni, servizi e dati. L'utente si assume la responsabilit\u00e0 del corretto utilizzo del sito web. Tale responsabilit\u00e0 si estende a:<\/p>\n<p>La veridicit\u00e0 e la legalit\u00e0 delle informazioni fornite dall'utente nei moduli predisposti da FUNDACI\u00d3N JUEGATERAPIA per l'accesso a determinati contenuti o servizi offerti dal sito web.<\/p>\n<p>L'utilizzo delle informazioni, dei servizi e dei dati offerti da FUNDACI\u00d3N JUEGATERAPIA in contrasto con le disposizioni delle presenti condizioni, con la legge, il buon costume o l'ordine pubblico, o che in qualsiasi altro modo possa comportare una lesione dei diritti di terzi o dello stesso funzionamento del sito web.<br \/>\nPolitica di collegamento e clausole di esclusione di responsabilit\u00e0<\/p>\n<p>FUNDACI\u00d3N JUEGATERAPIA non \u00e8 responsabile del contenuto dei siti web a cui l'utente pu\u00f2 accedere tramite i link presenti sul suo sito e dichiara che in nessun caso esaminer\u00e0 o eserciter\u00e0 alcun tipo di controllo sul contenuto di altri siti web. Allo stesso modo, non garantisce la disponibilit\u00e0 tecnica, l'accuratezza, la veridicit\u00e0, la validit\u00e0 o la legalit\u00e0 dei siti esterni alla sua propriet\u00e0 a cui si pu\u00f2 accedere attraverso i link.<\/p>\n<p>FUNDACI\u00d3N JUEGATERAPIA dichiara di aver adottato tutte le misure necessarie per evitare qualsiasi danno agli utenti del proprio sito web, che possa derivare dalla navigazione nel sito stesso. Di conseguenza, FUNDACI\u00d3N JUEGATERAPIA non \u00e8 responsabile, in nessun caso, dei danni che l'utente pu\u00f2 subire dalla navigazione in Internet.<\/p>\n<p><strong>Modifiche<\/strong><\/p>\n<p>FUNDACI\u00d3N JUEGATERAPIA si riserva il diritto di apportare le modifiche che riterr\u00e0 opportune, senza preavviso, ai contenuti del proprio sito web. Sia per quanto riguarda i contenuti del sito web, sia per le condizioni di utilizzo dello stesso, sia per le condizioni generali di contratto. Tali modifiche possono essere apportate attraverso il sito web con qualsiasi mezzo legalmente ammissibile e saranno vincolanti per tutto il tempo in cui saranno pubblicate sul sito web e finch\u00e9 non saranno validamente modificate da modifiche successive.<\/p>\n<p><em>Servizi di donazione online<\/em><\/p>\n<p>Alcuni contenuti del sito web di FUNDACI\u00d3N JUEGATERAPIA contengono la possibilit\u00e0 di effettuare donazioni online. L'utilizzo degli stessi richieder\u00e0 la lettura e l'accettazione obbligatoria delle condizioni generali stabilite a tal fine da FUNDACI\u00d3N JUEGATERAPIA.<\/p>\n<p><strong>Certificato SSL (Secure Sockets Layer)<\/strong><\/p>\n<p>Il CERTIFICATO SSL fornisce l'autenticazione, la privacy e la sicurezza delle informazioni tra FUNDACION JUEGATERAPIA e l'utente.<\/p>\n<p>FUNDACI\u00d3N JUEGATERAPIA ha un certificato di sicurezza che viene utilizzato da SSL CERTIFICATE per le connessioni sicure.<\/p>\n<p>In questo processo, vengono impostati diversi parametri per rendere sicura la connessione, che viene stabilita utilizzando chiavi prestabilite, criptando e decriptando tutti i dati inviati fino alla chiusura della connessione.<\/p>\n<p><strong>Propriet\u00e0 intellettuale e industriale<\/strong><\/p>\n<p>FUNDACI\u00d3N JUEGATERAPIA, in proprio o in qualit\u00e0 di cessionario, \u00e8 titolare di tutti i diritti di propriet\u00e0 intellettuale e industriale del proprio sito web, nonch\u00e9 degli elementi in esso contenuti (tra cui, a titolo esemplificativo e non esaustivo, immagini, suoni, audio, video, software o testi; marchi o loghi, combinazioni di colori, struttura e design, selezione dei materiali utilizzati, programmi informatici necessari al suo funzionamento, accesso e utilizzo, ecc. Si tratta, pertanto, di opere protette come propriet\u00e0 intellettuale dall'ordinamento giuridico spagnolo, essendo applicabili sia le normative spagnole e comunitarie in materia, sia i trattati internazionali relativi alla materia e sottoscritti dalla Spagna.<\/p>\n<p>Tutti i diritti sono riservati. Ai sensi delle disposizioni della Legge sulla Propriet\u00e0 Intellettuale, sono espressamente vietate la riproduzione, la distribuzione e la comunicazione pubblica, compresa la messa a disposizione, di tutto o parte del contenuto di questo sito web, a fini commerciali, su qualsiasi supporto e con qualsiasi mezzo tecnico, senza l'autorizzazione di FUNDACI\u00d3N JUEGATERAPIA.<\/p>\n<p>L'utente si impegna a rispettare i diritti di propriet\u00e0 intellettuale e industriale di FUNDACI\u00d3N JUEGATERAPIA. L'utente pu\u00f2 visualizzare gli elementi del portale e persino stamparli, copiarli e memorizzarli sul disco rigido del proprio computer o di qualsiasi altro hardware, purch\u00e9 solo ed esclusivamente per uso personale e privato. L'utente deve astenersi dal cancellare, alterare, eludere o manipolare qualsiasi dispositivo di protezione o sistema di sicurezza installato sulle pagine di FUNDACI\u00d3N JUEGATERAPIA.<\/p>\n<p><strong>Azione legale, legge applicabile e giurisdizione<\/strong><\/p>\n<p>FUNDACI\u00d3N JUEGATERAPIA si riserva inoltre il diritto di intentare le azioni civili o penali che riterr\u00e0 opportune per l'uso improprio del suo sito web e dei suoi contenuti, o per la violazione delle presenti condizioni.<\/p>\n<p>Il rapporto tra l'utente e il fornitore sar\u00e0 regolato dalle norme vigenti e applicabili nel territorio spagnolo. In caso di controversie, le parti potranno sottoporle ad arbitrato o rivolgersi alla giurisdizione ordinaria, in conformit\u00e0 alle norme sulla giurisdizione e sulla competenza in materia. FUNDACION JUEGATERAPIA \u00e8 domiciliata a MADRID, Spagna.<\/p>\n<\/div>    \n<\/section>\n        <\/div>","protected":false},"excerpt":{"rendered":"","protected":false},"author":67,"featured_media":0,"parent":0,"menu_order":0,"comment_status":"closed","ping_status":"closed","template":"","meta":{"_acf_changed":false,"inline_featured_image":false,"_themeisle_gutenberg_block_has_review":false,"footnotes":""},"class_list":["post-103144","page","type-page","status-publish","hentry"],"acf":[],"aioseo_notices":[],"_links":{"self":[{"href":"https:\/\/www.juegaterapia.org\/it\/wp-json\/wp\/v2\/pages\/103144","targetHints":{"allow":["GET"]}}],"collection":[{"href":"https:\/\/www.juegaterapia.org\/it\/wp-json\/wp\/v2\/pages"}],"about":[{"href":"https:\/\/www.juegaterapia.org\/it\/wp-json\/wp\/v2\/types\/page"}],"author":[{"embeddable":true,"href":"https:\/\/www.juegaterapia.org\/it\/wp-json\/wp\/v2\/users\/67"}],"replies":[{"embeddable":true,"href":"https:\/\/www.juegaterapia.org\/it\/wp-json\/wp\/v2\/comments?post=103144"}],"version-history":[{"count":7,"href":"https:\/\/www.juegaterapia.org\/it\/wp-json\/wp\/v2\/pages\/103144\/revisions"}],"predecessor-version":[{"id":189385,"href":"https:\/\/www.juegaterapia.org\/it\/wp-json\/wp\/v2\/pages\/103144\/revisions\/189385"}],"wp:attachment":[{"href":"https:\/\/www.juegaterapia.org\/it\/wp-json\/wp\/v2\/media?parent=103144"}],"curies":[{"name":"wp","href":"https:\/\/api.w.org\/{rel}","templated":true}]}}