{"id":103164,"date":"2022-04-18T11:33:57","date_gmt":"2022-04-18T11:33:57","guid":{"rendered":"http:\/\/webjt-pre.azurewebsites.net\/?page_id=103164"},"modified":"2022-04-18T11:35:05","modified_gmt":"2022-04-18T11:35:05","slug":"informativa-sui-cookie","status":"publish","type":"page","link":"https:\/\/www.juegaterapia.org\/it\/politica-de-cookies\/","title":{"rendered":"Informativa sui cookie"},"content":{"rendered":"<div class=\"block-legal-section\">\n    <section class=\"habitant-information\">\n    <div class=\"container\">\n <h1 class=\"title title_fz70\">Informativa sui cookie<\/h1>\n<p>Lo scopo della presente Politica sui cookie \u00e8 quello di informare l'utente che il nostro sito web utilizza i cookie. Continuando a visitare il nostro sito web si intende che l'utente accetta l'uso dei cookie e la presente Politica sui cookie.<\/p>\n<p><strong>1.- Cosa sono i cookie e qual \u00e8 il loro scopo?<\/strong><\/p>\n<p>I cookie sono piccoli file che contengono alcune informazioni sulla navigazione dell'utente nel sito web. I cookie vengono inviati al browser dell'utente e memorizzati sul suo computer.<\/p>\n<p>I cookie sono utilizzati per catturare informazioni sulla navigazione dell'utente al fine di scoprire, analizzandole, come l'utente interagisce con il sito web e quindi migliorare la sua esperienza di navigazione.<\/p>\n<p><strong>2.- Cookie utilizzati in questo sito web<\/strong><\/p>\n<p>2.1 Cookie propri:<\/p>\n<p>- Cookie di sessione: per garantire che gli utenti che scrivono commenti sul blog siano umani e non applicazioni automatizzate. Questo aiuta a combattere lo spam.<\/p>\n<p>- Cookie _utma: scade 2 anni dopo l'ultimo aggiornamento. Questo cookie genera un ID utente unico e registra la data, la prima e l'ultima volta che l'utente ha visitato il sito. Viene utilizzato per contare quante volte un utente unico visita il sito.<\/p>\n<p>- Cookie _utmb: scade 30 minuti dopo l'ultimo aggiornamento. Questo cookie registra l'ora di arrivo alla pagina e scade 30 minuti dopo l'ultima visualizzazione della pagina. Viene cancellato automaticamente quando si cambia sito web o si chiude il browser. Viene utilizzato per calcolare il tempo di permanenza dell'utente su una pagina.<\/p>\n<p>- Cookie _utmc: questo cookie ha uno scopo simile al precedente, ma per i siti web in cui \u00e8 installato il vecchio codice di tracciamento urchin.js.<\/p>\n<p>- Cookie _utmz: scade dopo 6 mesi. Questo cookie memorizza l'origine del visitatore, il percorso seguito per accedere al sito web, sia che si tratti di un accesso diretto, di un link su un altro sito web, di un link via e-mail, dell'utilizzo di determinate parole chiave in un motore di ricerca, di una campagna pubblicitaria o di un annuncio AdWords. Questo cookie viene utilizzato per calcolare il traffico proveniente dai motori di ricerca (organici e PPC), dalle campagne pubblicitarie display e dalla navigazione all'interno dello stesso sito web (link interni). Il cookie viene aggiornato a ogni visita del sito.<\/p>\n<p>- Cookie SESSxxxID: scade dopo una settimana. Questo cookie memorizza un identificatore univoco che collega la sessione corrente in una tabella di configurazione del database, per evitare che l'utente debba accedere pi\u00f9 volte in un'unica sessione del browser.<\/p>\n<p>- cookie has_js: questo cookie scade quando l'utente smette di navigare sul nostro sito web. Questo cookie memorizza se il browser dell'utente supporta o meno Javascript, che fornisce alla Fondazione informazioni sulla funzionalit\u00e0 del suo sito web.<\/p>\n<p>2.2. Cookie di terze parti:<\/p>\n<p>Google Analytics: memorizza i cookie per elaborare statistiche sul traffico e sul volume delle visite a questo sito web. Utilizzando questo sito web acconsentite al trattamento delle vostre informazioni da parte di Google. Pertanto, l'esercizio di eventuali diritti al riguardo deve avvenire comunicando direttamente con Google.<\/p>\n<p>Social network: ogni social network utilizza i propri cookie per consentire all'utente di cliccare sui pulsanti Mi piace o Condividi.<\/p>\n<p><strong>3.- Opzioni relative ai cookie<\/strong><\/p>\n<p>Gli utenti hanno diverse possibilit\u00e0 di gestione dei cookie. La configurazione scelta dall'utente pu\u00f2 influire sulla sua navigazione in Internet e sulle condizioni di accesso a determinati servizi che richiedono l'uso di cookie.<\/p>\n<p>L'utente pu\u00f2 in qualsiasi momento esprimere e modificare la propria scelta in merito ai cookie attraverso le modalit\u00e0 descritte di seguito.<\/p>\n<p>3.1 Opzioni offerte dal browser<\/p>\n<p>L'utente pu\u00f2 configurare il proprio browser in modo da consentire l'installazione dei cookie sul proprio terminale o, al contrario, da rifiutarli, sia sistematicamente che a seconda dell'emittente degli stessi. L'utente pu\u00f2 anche configurare il proprio browser in modo da richiedere l'accettazione o il rifiuto dei cookie in ogni caso, prima della loro installazione sul proprio terminale.<\/p>\n<p>3.1.1 Accettazione dei cookie<\/p>\n<p>L'installazione di cookie su un terminale \u00e8 essenzialmente subordinata alla volont\u00e0 dell'utente del terminale, volont\u00e0 che pu\u00f2 essere espressa e modificata in qualsiasi momento e gratuitamente attraverso le opzioni offerte dal browser.<\/p>\n<p>Se l'utente ha accettato l'installazione dei cookie nel proprio browser sul proprio terminale, i cookie integrati nelle pagine e nei contenuti visitati possono essere temporaneamente memorizzati in uno spazio specifico del terminale. Questi cookie possono essere letti solo dai rispettivi emittenti e possono essere cancellati in qualsiasi momento utilizzando l'opzione corrispondente nel browser.<\/p>\n<p>3.1.2 Rifiuto dei cookie<\/p>\n<p>Gli utenti possono rifiutare la possibilit\u00e0 che noi utilizziamo i cookie sul loro terminale configurando le impostazioni del browser, o cancellare quelli gi\u00e0 installati, ma in questi casi non potranno continuare a usufruire di una serie di funzionalit\u00e0 che sono comunque necessarie per la navigazione in alcune aree del nostro Sito web, il che si tradurr\u00e0 in un'esperienza di navigazione meno soddisfacente che potrebbe anche essere difettosa.<\/p>\n<p>Decliniamo ogni responsabilit\u00e0 per le conseguenze associate al funzionamento degradato dei nostri servizi e derivanti dall'impossibilit\u00e0, da parte nostra, di installare i cookie necessari al funzionamento di tali servizi, quando l'utente li ha rifiutati o cancellati.<\/p>\n<p>3.1.3 Come modificare le opzioni in base al browser utilizzato?<\/p>\n<p>Per la gestione dei cookie e delle opzioni utente, la configurazione di ogni browser \u00e8 diversa. Queste impostazioni sono descritte nel menu di aiuto del browser e consentono all'utente di modificare le impostazioni dei cookie. Per ulteriori informazioni su come modificare le opzioni, compresa la disabilitazione dei cookie, si prega di visitare le linee guida per la modifica e la disabilitazione dei cookie per uno dei quattro browser pi\u00f9 comunemente utilizzati (internet explorer, chrome, firefox, safari).<br \/>\nDi seguito riportiamo i link ai vari browser, attraverso i quali \u00e8 possibile effettuare queste impostazioni:<\/p>\n<ul>\n<li>Firefox da qui: http:\/\/support.mozilla.org\/es\/kb\/habilitar - e - disabilitare - cookie - noi - siti - noi<\/li>\n<li>Chrome da qui: http:\/\/support.google.com\/chrome\/bin\/answer.py?hl=es&amp;answer=95647<\/li>\n<li>Esplora da qui: http:\/\/windows.microsoft.com\/es - it\/internet - explorer\/cancella - gestisci cookie#ie=ie - 10<\/li>\n<li>Safari da qui: https:\/\/support.apple.com\/kb\/ph17191?locale=es_ES<\/li>\n<li>Operare da qui: http:\/\/help.opera.com\/Windows\/11.50\/es - IT\/cookies.html<\/li>\n<\/ul>\n<p>Infine, ricordatevi di aggiornare la tabella del documento sulla Cookie Policy, indicando i cookie che il vostro sito web installa quando l'utente lo naviga.<\/p>\n<p>3.2 Se l'utente condivide l'uso del terminale con altre persone<\/p>\n<p>Se pi\u00f9 persone utilizzano lo stesso terminale e se sullo stesso terminale coesistono pi\u00f9 browser, non possiamo garantire con certezza che i servizi e la pubblicit\u00e0 indirizzati al terminale dell'utente corrispondano all'utilizzo del terminale da parte dell'utente e non a quello di qualsiasi altro utente dello stesso terminale.<\/p>\n<p>Ove applicabile, la condivisione dell'uso del terminale con altri e la configurazione delle impostazioni del browser in relazione ai cookie \u00e8 una scelta e una responsabilit\u00e0 dell'utente.<\/p>\n<p><strong>4.- Altre questioni<\/strong><\/p>\n<p>N\u00e9 il presente sito web n\u00e9 i suoi rappresentanti legali sono responsabili del contenuto o dell'accuratezza delle politiche sulla privacy delle terze parti menzionate nella presente Informativa sui cookie.<\/p>\n<p>I browser web sono gli strumenti responsabili della memorizzazione dei cookie e da qui l'utente deve esercitare il proprio diritto di cancellarli o disabilitarli. N\u00e9 questo sito web n\u00e9 i suoi rappresentanti legali possono garantire la corretta o scorretta gestione dei cookie da parte dei suddetti browser.<\/p>\n<p>In alcuni casi \u00e8 necessario installare i cookie affinch\u00e9 il browser non dimentichi la vostra decisione di non accettarli.<\/p>\n<p>Per quanto riguarda i cookie di Google Analytics, Google Analytics li memorizza su server situati negli Stati Uniti e si impegna a non condividerli con terzi, tranne nel caso in cui ci\u00f2 sia necessario per il funzionamento del sistema o sia richiesto dalla legge. Secondo Google, non memorizza il vostro indirizzo IP. Google Inc. \u00e8 un'azienda che aderisce all'accordo Safe Harbour, che garantisce che tutti i dati trasferiti saranno trattati con un livello di protezione conforme alle normative europee. Se desiderate maggiori informazioni sull'uso dei cookie da parte di Google, potete trovare in allegato quest'altro documento.\u00a0<a href=\"https:\/\/developers.google.com\/analytics\/devguides\/collection\/analyticsjs\/cookie-usage?hl=es&amp;csw=1\">link.<\/a><\/p>\n<p>In caso di dubbi o domande sulla presente Informativa sui cookie, non esitate a contattarci all'indirizzo hola@juegaterapia.org.<\/p>\n<p><strong>5.- Domande frequenti<\/strong><\/p>\n<p>Cosa NON \u00e8 un biscotto?<\/p>\n<p>Non \u00e8 un virus, un trojan, un worm, uno spam, uno spyware o un pop-up.<\/p>\n<p>Quali informazioni memorizza un cookie?<\/p>\n<p>I cookie di solito non memorizzano informazioni sensibili sull'utente, come i dati della carta di credito o bancari, le fotografie, la carta d'identit\u00e0 o le informazioni personali, ecc. I dati che memorizzano sono di natura tecnica, preferenze personali, personalizzazione dei contenuti, ecc.<\/p>\n<p>Il server web non associa l'utente come persona, ma il suo browser web. Infatti, se di solito navigate con Internet Explorer e provate a navigare nello stesso sito web con Firefox o Chrome, vedrete che il web non si rende conto che siete la stessa persona perch\u00e9 in realt\u00e0 sta associando il browser, non la persona.<\/p>\n<p>Quali tipi di cookie esistono?<\/p>\n<p>Cookie tecnici: sono i pi\u00f9 elementari e consentono, tra l'altro, di sapere quando un utente umano o un'applicazione automatizzata sta navigando, quando un utente anonimo e un utente registrato stanno navigando, operazioni fondamentali per il funzionamento di qualsiasi sito web dinamico.<\/p>\n<p>Cookie di analisi: raccolgono informazioni sul tipo di navigazione dell'utente, sulle sezioni maggiormente utilizzate, sui prodotti consultati, sul tempo di utilizzo, sulla lingua, ecc.<\/p>\n<p>Cookie pubblicitari: mostrano pubblicit\u00e0 in base alle abitudini di navigazione, al paese di origine, alla lingua, ecc.<\/p>\n<p>Cosa sono i cookie di prima parte e di terza parte?<\/p>\n<p>I cookie di prima parte sono quelli generati dal sito web che state visitando e i cookie di terza parte sono quelli generati da servizi o fornitori esterni come Facebook, Twitter, Google, ecc.<\/p>\n<p>Cosa succede se disabilito i cookie?<\/p>\n<p>Per aiutarvi a capire fino a che punto i cookie possono essere disabilitati, ecco alcuni esempi:<\/p>\n<p>- Non \u00e8 consentito condividere i contenuti del sito web su Facebook, Twitter o altri social network.<\/p>\n<p>- Il sito web non sar\u00e0 in grado di adattare il contenuto alle preferenze personali dell'utente, come spesso accade nei negozi online.<\/p>\n<p>- Non sar\u00e0 possibile accedere all'area personale di quel sito web, come Il mio account, Il mio profilo o I miei ordini.<\/p>\n<p>- Negozi online: non sar\u00e0 possibile fare acquisti online, dovrete farlo per telefono o visitando il negozio fisico, se ne avete uno.<\/p>\n<p>- Non sar\u00e0 possibile personalizzare le preferenze geografiche, come il fuso orario, la valuta o la lingua.<\/p>\n<p>- Il sito non sar\u00e0 in grado di effettuare analisi web sui visitatori e sul traffico web, il che render\u00e0 difficile la competitivit\u00e0 del sito.<\/p>\n<p>- Non sar\u00e0 possibile scrivere sul blog, caricare foto, inviare commenti, valutare o votare i contenuti. Inoltre, il sito web non sar\u00e0 in grado di capire se siete un essere umano o un'applicazione automatica che pubblica spam.<\/p>\n<p>- Non sar\u00e0 possibile visualizzare pubblicit\u00e0 mirata, il che ridurr\u00e0 le entrate pubblicitarie del sito.<\/p>\n<p>- Tutti i social network utilizzano i cookie, se li disabilitate non potrete utilizzare nessun social network.<\/p>\n<p>I cookie possono essere cancellati?<\/p>\n<p>S\u00ec, non solo eliminare, ma anche bloccare, in generale o per un dominio specifico.<\/p>\n<p>Per eliminare i cookie da un sito web, \u00e8 necessario accedere alle impostazioni del browser, dove \u00e8 possibile cercare i cookie associati al dominio in questione ed eliminarli.<\/p>\n<\/div>    \n<\/section>\n        <\/div>","protected":false},"excerpt":{"rendered":"","protected":false},"author":67,"featured_media":0,"parent":0,"menu_order":0,"comment_status":"closed","ping_status":"closed","template":"","meta":{"_acf_changed":false,"inline_featured_image":false,"_themeisle_gutenberg_block_has_review":false,"footnotes":""},"class_list":["post-103164","page","type-page","status-publish","hentry"],"acf":[],"aioseo_notices":[],"_links":{"self":[{"href":"https:\/\/www.juegaterapia.org\/it\/wp-json\/wp\/v2\/pages\/103164","targetHints":{"allow":["GET"]}}],"collection":[{"href":"https:\/\/www.juegaterapia.org\/it\/wp-json\/wp\/v2\/pages"}],"about":[{"href":"https:\/\/www.juegaterapia.org\/it\/wp-json\/wp\/v2\/types\/page"}],"author":[{"embeddable":true,"href":"https:\/\/www.juegaterapia.org\/it\/wp-json\/wp\/v2\/users\/67"}],"replies":[{"embeddable":true,"href":"https:\/\/www.juegaterapia.org\/it\/wp-json\/wp\/v2\/comments?post=103164"}],"version-history":[{"count":6,"href":"https:\/\/www.juegaterapia.org\/it\/wp-json\/wp\/v2\/pages\/103164\/revisions"}],"predecessor-version":[{"id":103171,"href":"https:\/\/www.juegaterapia.org\/it\/wp-json\/wp\/v2\/pages\/103164\/revisions\/103171"}],"wp:attachment":[{"href":"https:\/\/www.juegaterapia.org\/it\/wp-json\/wp\/v2\/media?parent=103164"}],"curies":[{"name":"wp","href":"https:\/\/api.w.org\/{rel}","templated":true}]}}