{"id":111013,"date":"2022-10-19T12:12:41","date_gmt":"2022-10-19T10:12:41","guid":{"rendered":"https:\/\/www.juegaterapia.org\/?page_id=111013"},"modified":"2025-01-22T10:22:20","modified_gmt":"2025-01-22T09:22:20","slug":"grazie-mille-per-aver-donato-la-vostra-console","status":"publish","type":"page","link":"https:\/\/www.juegaterapia.org\/it\/colabora\/donaciones-cancer-infantil\/donar-consola-videojuegos\/formulario-consola\/muchas-gracias-por-donar-tu-consola\/","title":{"rendered":"GRAZIE MILLE!"},"content":{"rendered":"<div class=\"BabyPelon\">\n        <section class=\"hazte-socio\" data-anchor=\"muchas-gracias\">\n                        <div class=\"hazte-socio__bg\" style=\"background-color: #f9f5ef;\">\n                <div class=\"container\">\n                    <div class=\"hazte-socio__wrapper\">\n                        <div class=\"hazte-socio__column\">\n                            <h2 class=\"title title_fz120\">GRAZIE MILLE!<\/h2>\n                            <p class=\"text text_fz20 d-none d-md-none d-lg-block\">\n                                Con este precioso gesto solidario har\u00e1s feliz a un peque. Nos ponemos corriendo manos a la obra para hacerle llegar tu donaci\u00f3n y que disfrute del juego y la risa lo antes posible. Ahora llama al 900 80 19 29 para saber donde esta tu delegaci\u00f3n de On Time (Envialia)  m\u00e1s cercana para enviarnos gratis tu consola, o localizala en su buscador de centros de envio                            <\/p>\n                                                        <a class=\"btn btn_header d-none d-md-none d-lg-flex\" href=\"https:\/\/ontime.es\/localiza-tu-agencia\/\" target=\"_blank\">Centros de Envios On Time                            <img decoding=\"async\" src=\"https:\/\/www.juegaterapia.org\/wp-content\/themes\/split_juegaterapia\/assets\/img\/icons\/decorate\/heart.svg\"\n                                     alt=\"cuore\"><\/a>\n                        <\/a>\n                                                   \n                        <\/div>\n                        <div class=\"hazte-socio__column\">\n                            <img decoding=\"async\" src=\"https:\/\/www.juegaterapia.org\/wp-content\/uploads\/2022\/05\/Dona-tu-consola-Juegaterapia.png\"\n                                 alt=\"GRAZIE MILLE!\"\n                                 class=\"hazte-socio_img d-none d-md-none d-lg-block\">\n                            <img decoding=\"async\" src=\"https:\/\/www.juegaterapia.org\/wp-content\/uploads\/2022\/05\/Dona-tu-consola-Juegaterapia.png\"\n                                 alt=\"GRAZIE MILLE!\"\n                                 class=\"hazte-socio_img d-block d-md-block d-lg-none\">\n                            <div class=\"hazte-socio__column__descr d-block d-md-block d-lg-none\">\n                                <p class=\"text text_fz20\">\n                                    Con este precioso gesto solidario har\u00e1s feliz a un peque. Nos ponemos corriendo manos a la obra para hacerle llegar tu donaci\u00f3n y que disfrute del juego y la risa lo antes posible. Ahora llama al 900 80 19 29 para saber donde esta tu delegaci\u00f3n de On Time (Envialia)  m\u00e1s cercana para enviarnos gratis tu consola, o localizala en su buscador de centros de envio                                <\/p>\n                                <!-- <a href=\"Array\" class=\"btn btn_header\">\n                                                                        <img decoding=\"async\" src=\"https:\/\/www.juegaterapia.org\/wp-content\/themes\/split_juegaterapia\/assets\/img\/icons\/decorate\/heart.svg\"\n                                         alt=\"header\">\n\n                                        \n                                <\/a> -->\n                                \t\t\t    <a class=\"btn btn_header\" href=\"https:\/\/ontime.es\/localiza-tu-agencia\/\" target=\"_blank\">\n\t\t    \t\t        Centros de Envios On Time\t\t        <img decoding=\"async\" src=\"https:\/\/www.juegaterapia.org\/wp-content\/themes\/split_juegaterapia\/assets\/img\/icons\/decorate\/heart.svg\" alt=\"intestazione\">\n\t\t        \t\t\t    <\/a>\n\t\t\t                            <\/div>\n                        <\/div>\n                    <\/div>\n                <\/div>\n            <\/div>\n            <div style=\"position: relative; z-index: 3; background-color: \" class=\"bottom-wave\"><svg xmlns=\"http:\/\/www.w3.org\/2000\/svg\" viewbox=\"0 0 1439 120\" fill=\"none\">\n<path d=\"M-1 0V48C101.508 70.4252 361.304 105.819 567.764 69.378C715.174 43.3594 817.105 54.152 911.468 64.1435C982.309 71.6442 1048.89 78.6935 1127.24 69.378C1273.42 51.9984 1395.99 75.2178 1439 89V0H-1Z\" fill=\"#f9f5ef\"\/>\n<\/svg><\/div>        <\/section>\n    <\/div>\n    \n\n    <div class=\"we-do\">\r\n            <section class=\"tween-block\">\r\n  \r\n            <div class=\"form__green-orange\">\r\n                <div class=\"form__column-1\">\r\n                    <h3 class=\"title title_fz52\" style=\"margin-left: auto; margin-right: auto;\">\r\n                        COLLABORA con noi                    <\/h3>\r\n                    <!-- <p class=\"wrapper-text_descr d-block d-sm-block d-md-none\" style=\"margin-left: auto; margin-right: auto;\">\r\n                        COLABORA con nosotros                    <\/p> -->\r\n                    <div class=\"container\">\r\n                        <div class=\"form__carousel\">\r\n                                                                                                <a href=\"https:\/\/www.juegaterapia.org\/it\/colabora\/socio-cancer-infantil\/formulario-socio-2\/\">\r\n                                        <div class=\"form__slider\">\r\n                                            <img decoding=\"async\" src=\"https:\/\/www.juegaterapia.org\/wp-content\/uploads\/2022\/04\/Hazte-Socio-Juegaterapia-1.jpg\"\r\n                                                alt=\"DIVENTA MEMBRO\"\r\n                                                class=\"form__slider_img\">\r\n                                            <p class=\"wrapper-text_descr d-md-block\">\r\n                                                Diventa membro                                            <\/p>\r\n                                        <\/div>\r\n                                    <\/a>\r\n                                                                                                                                    <a href=\"https:\/\/www.juegaterapia.org\/it\/colabora\/marcas-solidarias\/\">\r\n                                        <div class=\"form__slider\">\r\n                                            <img decoding=\"async\" src=\"https:\/\/www.juegaterapia.org\/wp-content\/uploads\/2022\/03\/Frame-969-1.png\"\r\n                                                alt=\"DIVENTARE UN MARCHIO DI SOLIDARIET\u00c0\"\r\n                                                class=\"form__slider_img\">\r\n                                            <p class=\"wrapper-text_descr d-md-block\">\r\n                                                Aziende solidali                                            <\/p>\r\n                                        <\/div>\r\n                                    <\/a>\r\n                                                                                                                                    <a href=\"https:\/\/www.juegaterapia.org\/it\/colabora\/donaciones-cancer-infantil\/formulario-donativo\/\">\r\n                                        <div class=\"form__slider\">\r\n                                            <img decoding=\"async\" src=\"https:\/\/www.juegaterapia.org\/wp-content\/uploads\/2022\/04\/Haz-un-Donativo-Juegaterapia1.jpg\"\r\n                                                alt=\"FARE UNA DONAZIONE\"\r\n                                                class=\"form__slider_img\">\r\n                                            <p class=\"wrapper-text_descr d-md-block\">\r\n                                                Effettuare una donazione                                            <\/p>\r\n                                        <\/div>\r\n                                    <\/a>\r\n                                                                                                                                    <a href=\"https:\/\/www.juegaterapia.org\/it\/colabora\/eventos-solidarios\/\">\r\n                                        <div class=\"form__slider\">\r\n                                            <img decoding=\"async\" src=\"https:\/\/www.juegaterapia.org\/wp-content\/uploads\/2022\/04\/Evento-Solidario-Juegaterapia.jpg\"\r\n                                                alt=\"EVENTI DI SOLIDARIET\u00c0\"\r\n                                                class=\"form__slider_img\">\r\n                                            <p class=\"wrapper-text_descr d-md-block\">\r\n                                                Organizzare un evento di solidariet\u00e0                                            <\/p>\r\n                                        <\/div>\r\n                                    <\/a>\r\n                                                                                                                                    <a href=\"https:\/\/www.juegaterapia.org\/it\/colabora\/testamento-solidario\/\">\r\n                                        <div class=\"form__slider\">\r\n                                            <img decoding=\"async\" src=\"https:\/\/www.juegaterapia.org\/wp-content\/uploads\/2022\/04\/Testamento-Solidario-Juegaterapia.jpg\"\r\n                                                alt=\"TESTAMENTI SOLIDALI\"\r\n                                                class=\"form__slider_img\">\r\n                                            <p class=\"wrapper-text_descr d-md-block\">\r\n                                                Volont\u00e0 di solidariet\u00e0                                            <\/p>\r\n                                        <\/div>\r\n                                    <\/a>\r\n                                                                                                                                    <a href=\"https:\/\/www.juegaterapia.org\/it\/distribuidores-solidarios\/\">\r\n                                        <div class=\"form__slider\">\r\n                                            <img decoding=\"async\" src=\"https:\/\/www.juegaterapia.org\/wp-content\/uploads\/2022\/07\/Logo-Farmacias-Juegaterapia2.jpg\"\r\n                                                alt=\"\"\r\n                                                class=\"form__slider_img\">\r\n                                            <p class=\"wrapper-text_descr d-md-block\">\r\n                                                Distributori solidali                                            <\/p>\r\n                                        <\/div>\r\n                                    <\/a>\r\n                                                                                                                                    <a href=\"https:\/\/www.juegaterapia.org\/it\/colabora\/hazte-voluntario-hospitales-ninos-cancer\/\">\r\n                                        <div class=\"form__slider\">\r\n                                            <img decoding=\"async\" src=\"https:\/\/www.juegaterapia.org\/wp-content\/uploads\/2022\/06\/Voluntariado-Juegaterapia.jpg\"\r\n                                                alt=\"\"\r\n                                                class=\"form__slider_img\">\r\n                                            <p class=\"wrapper-text_descr d-md-block\">\r\n                                                Diventa un volontario                                            <\/p>\r\n                                        <\/div>\r\n                                    <\/a>\r\n                                                                                                                                    <a href=\"https:\/\/www.juegaterapia.org\/it\/colabora\/donaciones-cancer-infantil\/donar-consola-videojuegos\/\">\r\n                                        <div class=\"form__slider\">\r\n                                            <img decoding=\"async\" src=\"https:\/\/www.juegaterapia.org\/wp-content\/uploads\/2022\/04\/Dona-tu-consola-Juegaterapia.jpg\"\r\n                                                alt=\"DONA LA TUA CONSOLE\"\r\n                                                class=\"form__slider_img\">\r\n                                            <p class=\"wrapper-text_descr d-md-block\">\r\n                                                Donate la vostra console                                            <\/p>\r\n                                        <\/div>\r\n                                    <\/a>\r\n                                                                                                                                    <a href=\"https:\/\/www.juegaterapia.org\/it\/colabora\/colegios-solidarios\/\">\r\n                                        <div class=\"form__slider\">\r\n                                            <img decoding=\"async\" src=\"https:\/\/www.juegaterapia.org\/wp-content\/uploads\/2022\/04\/Colegio-Solidario-Juegaterapia.jpg\"\r\n                                                alt=\"SCUOLA DI SOLIDARIET\u00c0\"\r\n                                                class=\"form__slider_img\">\r\n                                            <p class=\"wrapper-text_descr d-md-block\">\r\n                                                Diventare una scuola solidale                                            <\/p>\r\n                                        <\/div>\r\n                                    <\/a>\r\n                                                                                        <\/div>\r\n                    <\/div>\r\n                 \r\n                <\/div>\r\n                <img decoding=\"async\" class=\"top-wave d-block d-md-block d-lg-none\"\r\n                     src=\"https:\/\/www.juegaterapia.org\/wp-content\/themes\/split_juegaterapia\/assets\/img\/form\/divider-mobile.png\" alt=\"#\">\r\n                <div class=\"form__column-2\">\r\n                    <h3 class=\"title title_fz52\" style=\"margin-left: auto; margin-right: auto;\">\r\n                        Diventa membro                    <\/h3>\r\n                    <img decoding=\"async\" src=\"https:\/\/www.juegaterapia.org\/wp-content\/uploads\/2022\/04\/Hazte-Socio-Juegaterapia-1.png\"\r\n                         alt=\"\"\r\n                         class=\"form__column-2_img\">\r\n                    <p class=\"wrapper-text_descr\">\r\n                        I nostri soci sono il nostro pilastro, il nostro pi\u00f9 grande sostegno.\r\nSiete voi a rendere grande la Juegaterapia!                    <\/p>\r\n                   \r\n\r\n                                                         <a class=\"btn btn_header btn_header_ml0\" href=\"\/colabora\/socio-cancer-infantil\/\" target=\"_self\">\r\n                                    Voglio diventare membro                                    <img decoding=\"async\" src=\"https:\/\/www.juegaterapia.org\/wp-content\/themes\/split_juegaterapia\/assets\/img\/icons\/decorate\/heart.svg\"\r\n                             alt=\"intestazione\">\r\n                            <\/a>\r\n                                        <\/div>\r\n            <\/div>\r\n\r\n        <\/section>\r\n        <div class=\"bottom-wave type-4\"><svg xmlns=\"http:\/\/www.w3.org\/2000\/svg\" viewbox=\"0 0 1440 89\" fill=\"none\">\n<path d=\"M1440 89H0V0C42.8925 9.83325 165.12 26.3999 310.892 14C389.027 7.35352 455.418 12.3831 526.061 17.7349C620.162 24.8635 721.808 32.5637 868.808 14C1074.69 -12 1337.78 14 1440 30V89Z\" fill=\"#f9f5ef\"\/>\n<\/svg><\/div>    <\/div>","protected":false},"excerpt":{"rendered":"","protected":false},"author":67,"featured_media":0,"parent":103999,"menu_order":0,"comment_status":"closed","ping_status":"closed","template":"","meta":{"_acf_changed":false,"inline_featured_image":false,"_themeisle_gutenberg_block_has_review":false,"footnotes":""},"class_list":["post-111013","page","type-page","status-publish","hentry"],"acf":[],"aioseo_notices":[],"_links":{"self":[{"href":"https:\/\/www.juegaterapia.org\/it\/wp-json\/wp\/v2\/pages\/111013","targetHints":{"allow":["GET"]}}],"collection":[{"href":"https:\/\/www.juegaterapia.org\/it\/wp-json\/wp\/v2\/pages"}],"about":[{"href":"https:\/\/www.juegaterapia.org\/it\/wp-json\/wp\/v2\/types\/page"}],"author":[{"embeddable":true,"href":"https:\/\/www.juegaterapia.org\/it\/wp-json\/wp\/v2\/users\/67"}],"replies":[{"embeddable":true,"href":"https:\/\/www.juegaterapia.org\/it\/wp-json\/wp\/v2\/comments?post=111013"}],"version-history":[{"count":15,"href":"https:\/\/www.juegaterapia.org\/it\/wp-json\/wp\/v2\/pages\/111013\/revisions"}],"predecessor-version":[{"id":188048,"href":"https:\/\/www.juegaterapia.org\/it\/wp-json\/wp\/v2\/pages\/111013\/revisions\/188048"}],"up":[{"embeddable":true,"href":"https:\/\/www.juegaterapia.org\/it\/wp-json\/wp\/v2\/pages\/103999"}],"wp:attachment":[{"href":"https:\/\/www.juegaterapia.org\/it\/wp-json\/wp\/v2\/media?parent=111013"}],"curies":[{"name":"wp","href":"https:\/\/api.w.org\/{rel}","templated":true}]}}