{"id":10035,"date":"2021-10-13T11:54:26","date_gmt":"2021-10-13T09:54:26","guid":{"rendered":"http:\/\/webjt-pre.azurewebsites.net\/?post_type=product&#038;p=10035"},"modified":"2026-04-19T20:28:14","modified_gmt":"2026-04-19T18:28:14","slug":"babypelon-principesse-disney","status":"publish","type":"product","link":"https:\/\/www.juegaterapia.org\/it\/tienda-solidaria-regalos\/baby-pelones\/babypelon-princesas-disney\/","title":{"rendered":"Baby Pel\u00f3n Principesse Disney"},"content":{"rendered":"","protected":false},"excerpt":{"rendered":"<p>Questo \u00e8 il Baby Pel\u00f3n numero 22 della Collezione pi\u00f9 bella del mondo. Con lui collaboriamo ancora una volta con Disney per mostrare questa volta tutta la generosit\u00e0, la forza e il coraggio delle sue Principesse. Valori come la lealt\u00e0, l'ottimismo e la capacit\u00e0 di lottare che condividono con tutti i bambini malati di cancro nel mondo.<br \/>\nCon il ricavato delle vostre vendite costruiremo nuovamente un cinema in un ospedale che riempir\u00e0 di magia i bambini ricoverati.<\/p>\n<p>Et\u00e0 minima consigliata 12 mesi e oltre.<\/p>","protected":false},"featured_media":198688,"template":"","meta":{"_acf_changed":false,"inline_featured_image":false,"_themeisle_gutenberg_block_has_review":false},"product_brand":[],"product_cat":[18],"product_tag":[],"class_list":{"0":"post-10035","1":"product","2":"type-product","3":"status-publish","4":"has-post-thumbnail","6":"product_cat-baby-pelones","8":"first","9":"instock","10":"featured","11":"taxable","12":"shipping-taxable","13":"purchasable","14":"product-type-simple"},"acf":[],"aioseo_notices":[],"_links":{"self":[{"href":"https:\/\/www.juegaterapia.org\/it\/wp-json\/wp\/v2\/product\/10035","targetHints":{"allow":["GET"]}}],"collection":[{"href":"https:\/\/www.juegaterapia.org\/it\/wp-json\/wp\/v2\/product"}],"about":[{"href":"https:\/\/www.juegaterapia.org\/it\/wp-json\/wp\/v2\/types\/product"}],"wp:featuredmedia":[{"embeddable":true,"href":"https:\/\/www.juegaterapia.org\/it\/wp-json\/wp\/v2\/media\/198688"}],"wp:attachment":[{"href":"https:\/\/www.juegaterapia.org\/it\/wp-json\/wp\/v2\/media?parent=10035"}],"wp:term":[{"taxonomy":"product_brand","embeddable":true,"href":"https:\/\/www.juegaterapia.org\/it\/wp-json\/wp\/v2\/product_brand?post=10035"},{"taxonomy":"product_cat","embeddable":true,"href":"https:\/\/www.juegaterapia.org\/it\/wp-json\/wp\/v2\/product_cat?post=10035"},{"taxonomy":"product_tag","embeddable":true,"href":"https:\/\/www.juegaterapia.org\/it\/wp-json\/wp\/v2\/product_tag?post=10035"}],"curies":[{"name":"wp","href":"https:\/\/api.w.org\/{rel}","templated":true}]}}