{"id":10038,"date":"2021-12-13T12:39:38","date_gmt":"2021-12-13T11:39:38","guid":{"rendered":"http:\/\/webjt-pre.azurewebsites.net\/?post_type=product&#038;p=10038"},"modified":"2026-04-17T17:44:51","modified_gmt":"2026-04-17T15:44:51","slug":"supereroe","status":"publish","type":"product","link":"https:\/\/www.juegaterapia.org\/it\/tienda-solidaria-regalos\/otras-cosas-que-molan\/superheroe\/","title":{"rendered":"Costume da supereroe per bambino Pel\u00f3n"},"content":{"rendered":"","protected":false},"excerpt":{"rendered":"<p><strong>TUTINA E SCIARPA NON INCLUSE<\/strong>. Con la sua maschera e il suo mantello, Baby Pel\u00f3n sar\u00e0 il pi\u00f9 superpotente di tutti. Potr\u00e0 volare, diventare invisibile e trasformare i momenti grigi in momenti pieni di divertimento. Per voi e per tutti i piccoli ricoverati che saranno felici grazie al vostro aiuto.<br \/>\nSet composto da un body, un mantello e una maschera.<strong>IL PAGLIACCETTO E LA SCIARPA NON SONO INCLUSI, SOLO IL COSTUME VIENE SPEDITO.<\/strong>.<\/p>","protected":false},"featured_media":97184,"template":"","meta":{"_acf_changed":false,"inline_featured_image":false,"_themeisle_gutenberg_block_has_review":false},"product_brand":[],"product_cat":[19],"product_tag":[],"class_list":{"0":"post-10038","1":"product","2":"type-product","3":"status-publish","4":"has-post-thumbnail","6":"product_cat-otras-cosas-que-molan","8":"first","9":"instock","10":"featured","11":"taxable","12":"shipping-taxable","13":"purchasable","14":"product-type-simple"},"acf":[],"aioseo_notices":[],"_links":{"self":[{"href":"https:\/\/www.juegaterapia.org\/it\/wp-json\/wp\/v2\/product\/10038","targetHints":{"allow":["GET"]}}],"collection":[{"href":"https:\/\/www.juegaterapia.org\/it\/wp-json\/wp\/v2\/product"}],"about":[{"href":"https:\/\/www.juegaterapia.org\/it\/wp-json\/wp\/v2\/types\/product"}],"wp:featuredmedia":[{"embeddable":true,"href":"https:\/\/www.juegaterapia.org\/it\/wp-json\/wp\/v2\/media\/97184"}],"wp:attachment":[{"href":"https:\/\/www.juegaterapia.org\/it\/wp-json\/wp\/v2\/media?parent=10038"}],"wp:term":[{"taxonomy":"product_brand","embeddable":true,"href":"https:\/\/www.juegaterapia.org\/it\/wp-json\/wp\/v2\/product_brand?post=10038"},{"taxonomy":"product_cat","embeddable":true,"href":"https:\/\/www.juegaterapia.org\/it\/wp-json\/wp\/v2\/product_cat?post=10038"},{"taxonomy":"product_tag","embeddable":true,"href":"https:\/\/www.juegaterapia.org\/it\/wp-json\/wp\/v2\/product_tag?post=10038"}],"curies":[{"name":"wp","href":"https:\/\/api.w.org\/{rel}","templated":true}]}}