{"id":110073,"date":"2022-09-21T12:16:36","date_gmt":"2022-09-21T10:16:36","guid":{"rendered":"https:\/\/www.juegaterapia.org\/?post_type=product&#038;p=110073"},"modified":"2026-04-30T17:44:57","modified_gmt":"2026-04-30T15:44:57","slug":"babypelon-mickey","status":"publish","type":"product","link":"https:\/\/www.juegaterapia.org\/it\/tienda-solidaria-regalos\/baby-pelones\/babypelon-mickey\/","title":{"rendered":"Topolino peloso"},"content":{"rendered":"","protected":false},"excerpt":{"rendered":"<p>Con tutta la solidariet\u00e0 dello spirito ludico e una scintilla di magia Disney, nasce Baby Baldy Mickey. Con il suo nuovo vestito, \u00e8 pronto a diventare una parte importante della collezione pi\u00f9 bella del mondo e a riempire di pura felicit\u00e0 gli ospedali pediatrici. Sostituir\u00e0 gradualmente l'attuale Baby Calvo Disney, con il quale condivide il volto e la sciarpa. Grazie a tutti voi per averlo portato in famiglia!<\/p>\n<p>Et\u00e0 minima consigliata 12 mesi e oltre.<br \/>\nPeso 200 gr.<\/p>","protected":false},"featured_media":110269,"template":"","meta":{"_acf_changed":false,"inline_featured_image":false,"_themeisle_gutenberg_block_has_review":false},"product_brand":[],"product_cat":[18],"product_tag":[],"class_list":{"0":"post-110073","1":"product","2":"type-product","3":"status-publish","4":"has-post-thumbnail","6":"product_cat-baby-pelones","8":"first","9":"instock","10":"featured","11":"taxable","12":"shipping-taxable","13":"purchasable","14":"product-type-simple"},"acf":[],"aioseo_notices":[],"_links":{"self":[{"href":"https:\/\/www.juegaterapia.org\/it\/wp-json\/wp\/v2\/product\/110073","targetHints":{"allow":["GET"]}}],"collection":[{"href":"https:\/\/www.juegaterapia.org\/it\/wp-json\/wp\/v2\/product"}],"about":[{"href":"https:\/\/www.juegaterapia.org\/it\/wp-json\/wp\/v2\/types\/product"}],"wp:featuredmedia":[{"embeddable":true,"href":"https:\/\/www.juegaterapia.org\/it\/wp-json\/wp\/v2\/media\/110269"}],"wp:attachment":[{"href":"https:\/\/www.juegaterapia.org\/it\/wp-json\/wp\/v2\/media?parent=110073"}],"wp:term":[{"taxonomy":"product_brand","embeddable":true,"href":"https:\/\/www.juegaterapia.org\/it\/wp-json\/wp\/v2\/product_brand?post=110073"},{"taxonomy":"product_cat","embeddable":true,"href":"https:\/\/www.juegaterapia.org\/it\/wp-json\/wp\/v2\/product_cat?post=110073"},{"taxonomy":"product_tag","embeddable":true,"href":"https:\/\/www.juegaterapia.org\/it\/wp-json\/wp\/v2\/product_tag?post=110073"}],"curies":[{"name":"wp","href":"https:\/\/api.w.org\/{rel}","templated":true}]}}