{"id":168513,"date":"2024-03-04T13:44:50","date_gmt":"2024-03-04T12:44:50","guid":{"rendered":"https:\/\/www.juegaterapia.org\/?post_type=product&#038;p=168513"},"modified":"2026-04-20T17:45:40","modified_gmt":"2026-04-20T15:45:40","slug":"bambino-pelon-sebastian-yatra","status":"publish","type":"product","link":"https:\/\/www.juegaterapia.org\/it\/tienda-solidaria-regalos\/baby-pelones\/baby-pelon-sebastian-yatra\/","title":{"rendered":"Bambino Pel\u00f3n Sebasti\u00e1n Yatra"},"content":{"rendered":"","protected":false},"excerpt":{"rendered":"<p>Come canta Sebasti\u00e1n Yatra:<br \/>\n\u266b \"C'\u00e8 un raggio di luce che entra dalla finestra, ti restituisce il desiderio e ti toglie il dolore\" \u266b.<br \/>\n\u00c8 cos\u00ec che vogliamo che siano i nostri Baby Pelones, pura forza ed energia.<br \/>\nQuesto modello di Sebasti\u00e1n e Claudia \u00e8 il numero 33 della collezione e grazie ad esso continueremo a trasformare gli ospedali in luoghi magici, dove i bambini possono continuare a essere bambini.<br \/>\nGrazie per averci aiutato e per aver raccolto solidariet\u00e0.<\/p>","protected":false},"featured_media":168516,"template":"","meta":{"_acf_changed":false,"inline_featured_image":false,"_themeisle_gutenberg_block_has_review":false},"product_brand":[],"product_cat":[18],"product_tag":[],"class_list":{"0":"post-168513","1":"product","2":"type-product","3":"status-publish","4":"has-post-thumbnail","6":"product_cat-baby-pelones","8":"first","9":"instock","10":"featured","11":"taxable","12":"shipping-taxable","13":"purchasable","14":"product-type-simple"},"acf":[],"aioseo_notices":[],"_links":{"self":[{"href":"https:\/\/www.juegaterapia.org\/it\/wp-json\/wp\/v2\/product\/168513","targetHints":{"allow":["GET"]}}],"collection":[{"href":"https:\/\/www.juegaterapia.org\/it\/wp-json\/wp\/v2\/product"}],"about":[{"href":"https:\/\/www.juegaterapia.org\/it\/wp-json\/wp\/v2\/types\/product"}],"wp:featuredmedia":[{"embeddable":true,"href":"https:\/\/www.juegaterapia.org\/it\/wp-json\/wp\/v2\/media\/168516"}],"wp:attachment":[{"href":"https:\/\/www.juegaterapia.org\/it\/wp-json\/wp\/v2\/media?parent=168513"}],"wp:term":[{"taxonomy":"product_brand","embeddable":true,"href":"https:\/\/www.juegaterapia.org\/it\/wp-json\/wp\/v2\/product_brand?post=168513"},{"taxonomy":"product_cat","embeddable":true,"href":"https:\/\/www.juegaterapia.org\/it\/wp-json\/wp\/v2\/product_cat?post=168513"},{"taxonomy":"product_tag","embeddable":true,"href":"https:\/\/www.juegaterapia.org\/it\/wp-json\/wp\/v2\/product_tag?post=168513"}],"curies":[{"name":"wp","href":"https:\/\/api.w.org\/{rel}","templated":true}]}}