{"id":188435,"date":"2025-01-29T13:09:55","date_gmt":"2025-01-29T12:09:55","guid":{"rendered":"https:\/\/www.juegaterapia.org\/?post_type=product&#038;p=188435"},"modified":"2026-05-01T05:45:09","modified_gmt":"2026-05-01T03:45:09","slug":"expositor-baby-pelon-gamer","status":"publish","type":"product","link":"https:\/\/www.juegaterapia.org\/it\/tienda-solidaria-regalos\/expositores\/expositor-baby-pelon-gamer\/","title":{"rendered":"Expositor Baby Pel\u00f3n Gamer"},"content":{"rendered":"<p>Un Expositor Gamer con 12 baby pelones individuales<\/p>","protected":false},"excerpt":{"rendered":"<p>Con la creaci\u00f3n de este Baby Pel\u00f3n Gamer, n\u00ba 38 de la colecci\u00f3n, cerramos un enorme proyecto jug\u00f3n. Siete grandes streamers que juegan para divertirse, dando la mano a peques que juegan para curarse. \u00a1Se cierra un c\u00edrculo perfecto!<br \/>\nTonacho, Alex el Capo, Chincheto, Cristinini, Ibai, DJ Mario e Illo Juan, junto a nuestro peque\u00f1o Mario, son los 8 fant\u00e1sticos embajadores que est\u00e1n detr\u00e1s de este nuevo Baby Pel\u00f3n solidario.<\/p>","protected":false},"featured_media":188890,"template":"","meta":{"_acf_changed":false,"inline_featured_image":false,"_themeisle_gutenberg_block_has_review":false},"product_brand":[],"product_cat":[20],"product_tag":[],"class_list":{"0":"post-188435","1":"product","2":"type-product","3":"status-publish","4":"has-post-thumbnail","6":"product_cat-expositores","8":"first","9":"instock","10":"featured","11":"taxable","12":"shipping-taxable","13":"purchasable","14":"product-type-simple"},"acf":[],"aioseo_notices":[],"_links":{"self":[{"href":"https:\/\/www.juegaterapia.org\/it\/wp-json\/wp\/v2\/product\/188435","targetHints":{"allow":["GET"]}}],"collection":[{"href":"https:\/\/www.juegaterapia.org\/it\/wp-json\/wp\/v2\/product"}],"about":[{"href":"https:\/\/www.juegaterapia.org\/it\/wp-json\/wp\/v2\/types\/product"}],"wp:featuredmedia":[{"embeddable":true,"href":"https:\/\/www.juegaterapia.org\/it\/wp-json\/wp\/v2\/media\/188890"}],"wp:attachment":[{"href":"https:\/\/www.juegaterapia.org\/it\/wp-json\/wp\/v2\/media?parent=188435"}],"wp:term":[{"taxonomy":"product_brand","embeddable":true,"href":"https:\/\/www.juegaterapia.org\/it\/wp-json\/wp\/v2\/product_brand?post=188435"},{"taxonomy":"product_cat","embeddable":true,"href":"https:\/\/www.juegaterapia.org\/it\/wp-json\/wp\/v2\/product_cat?post=188435"},{"taxonomy":"product_tag","embeddable":true,"href":"https:\/\/www.juegaterapia.org\/it\/wp-json\/wp\/v2\/product_tag?post=188435"}],"curies":[{"name":"wp","href":"https:\/\/api.w.org\/{rel}","templated":true}]}}