{"id":193904,"date":"2025-05-06T11:20:43","date_gmt":"2025-05-06T09:20:43","guid":{"rendered":"https:\/\/www.juegaterapia.org\/?post_type=product&#038;p=193904"},"modified":"2026-04-18T05:44:56","modified_gmt":"2026-04-18T03:44:56","slug":"disfraz-baby-pelon-abeja","status":"publish","type":"product","link":"https:\/\/www.juegaterapia.org\/it\/tienda-solidaria-regalos\/otras-cosas-que-molan\/disfraz-baby-pelon-abeja\/","title":{"rendered":"Disfraz Baby Pel\u00f3n Abeja"},"content":{"rendered":"","protected":false},"excerpt":{"rendered":"<p><strong>TUTINA E SCIARPA NON INCLUSE<\/strong>.Adem\u00e1s de ayudarnos a construir proyectos m\u00e1gicos, tu Baby Pel\u00f3n puede convertirse en lo que \u00e9l quiera Vacas, abejas, koalas&#8230; \u00a1Llegan nuevos Disfraces Molones Para Tus Baby Pelones!  Una forma bonita y divertida de ayudarnos mientras juegas. \u00bfHay algo m\u00e1s solidario y  juegaterap\u00e9utico?.<strong>IL PAGLIACCETTO E LA SCIARPA NON SONO INCLUSI, SOLO IL COSTUME VIENE SPEDITO.<\/strong>.<\/p>","protected":false},"featured_media":194182,"template":"","meta":{"_acf_changed":false,"inline_featured_image":false,"_themeisle_gutenberg_block_has_review":false},"product_brand":[],"product_cat":[19],"product_tag":[],"class_list":{"0":"post-193904","1":"product","2":"type-product","3":"status-publish","4":"has-post-thumbnail","6":"product_cat-otras-cosas-que-molan","8":"first","9":"instock","10":"featured","11":"taxable","12":"shipping-taxable","13":"purchasable","14":"product-type-simple"},"acf":[],"aioseo_notices":[],"_links":{"self":[{"href":"https:\/\/www.juegaterapia.org\/it\/wp-json\/wp\/v2\/product\/193904","targetHints":{"allow":["GET"]}}],"collection":[{"href":"https:\/\/www.juegaterapia.org\/it\/wp-json\/wp\/v2\/product"}],"about":[{"href":"https:\/\/www.juegaterapia.org\/it\/wp-json\/wp\/v2\/types\/product"}],"wp:featuredmedia":[{"embeddable":true,"href":"https:\/\/www.juegaterapia.org\/it\/wp-json\/wp\/v2\/media\/194182"}],"wp:attachment":[{"href":"https:\/\/www.juegaterapia.org\/it\/wp-json\/wp\/v2\/media?parent=193904"}],"wp:term":[{"taxonomy":"product_brand","embeddable":true,"href":"https:\/\/www.juegaterapia.org\/it\/wp-json\/wp\/v2\/product_brand?post=193904"},{"taxonomy":"product_cat","embeddable":true,"href":"https:\/\/www.juegaterapia.org\/it\/wp-json\/wp\/v2\/product_cat?post=193904"},{"taxonomy":"product_tag","embeddable":true,"href":"https:\/\/www.juegaterapia.org\/it\/wp-json\/wp\/v2\/product_tag?post=193904"}],"curies":[{"name":"wp","href":"https:\/\/api.w.org\/{rel}","templated":true}]}}