{"id":208006,"date":"2026-02-25T10:09:11","date_gmt":"2026-02-25T09:09:11","guid":{"rendered":"https:\/\/www.juegaterapia.org\/?post_type=product&#038;p=208006"},"modified":"2026-05-01T17:45:05","modified_gmt":"2026-05-01T15:45:05","slug":"baby-pelon-karol-g","status":"publish","type":"product","link":"https:\/\/www.juegaterapia.org\/it\/tienda-solidaria-regalos\/baby-pelones\/baby-pelon-karol-g\/","title":{"rendered":"Baby Pel\u00f3n Con Cora"},"content":{"rendered":"","protected":false},"excerpt":{"rendered":"<p>Llega un nuevo Baby Pel\u00f3n Con Cora : el Baby Pel\u00f3n de Karol G.<br \/>\nJunto a M.\u00aa \u00c1ngel y M.\u00aa Jos\u00e9, forman un maravilloso cuarteto solidario y amoroso.<br \/>\n\u00a1Ya tenemos en la familia al Baby Pel\u00f3n N.\u00ba 44 de la Colecci\u00f3n!<\/p>","protected":false},"featured_media":208873,"template":"","meta":{"_acf_changed":false,"inline_featured_image":false,"_themeisle_gutenberg_block_has_review":false},"product_brand":[],"product_cat":[18],"product_tag":[],"class_list":{"0":"post-208006","1":"product","2":"type-product","3":"status-publish","4":"has-post-thumbnail","6":"product_cat-baby-pelones","8":"first","9":"instock","10":"featured","11":"taxable","12":"shipping-taxable","13":"purchasable","14":"product-type-simple"},"acf":[],"aioseo_notices":[],"_links":{"self":[{"href":"https:\/\/www.juegaterapia.org\/it\/wp-json\/wp\/v2\/product\/208006","targetHints":{"allow":["GET"]}}],"collection":[{"href":"https:\/\/www.juegaterapia.org\/it\/wp-json\/wp\/v2\/product"}],"about":[{"href":"https:\/\/www.juegaterapia.org\/it\/wp-json\/wp\/v2\/types\/product"}],"wp:featuredmedia":[{"embeddable":true,"href":"https:\/\/www.juegaterapia.org\/it\/wp-json\/wp\/v2\/media\/208873"}],"wp:attachment":[{"href":"https:\/\/www.juegaterapia.org\/it\/wp-json\/wp\/v2\/media?parent=208006"}],"wp:term":[{"taxonomy":"product_brand","embeddable":true,"href":"https:\/\/www.juegaterapia.org\/it\/wp-json\/wp\/v2\/product_brand?post=208006"},{"taxonomy":"product_cat","embeddable":true,"href":"https:\/\/www.juegaterapia.org\/it\/wp-json\/wp\/v2\/product_cat?post=208006"},{"taxonomy":"product_tag","embeddable":true,"href":"https:\/\/www.juegaterapia.org\/it\/wp-json\/wp\/v2\/product_tag?post=208006"}],"curies":[{"name":"wp","href":"https:\/\/api.w.org\/{rel}","templated":true}]}}